{"id":360,"date":"2024-11-28T22:04:40","date_gmt":"2024-11-28T22:04:40","guid":{"rendered":"https:\/\/d-cosmetics.com\/dermalux\/?page_id=360"},"modified":"2024-12-16T12:57:43","modified_gmt":"2024-12-16T12:57:43","slug":"flexmd","status":"publish","type":"page","link":"https:\/\/d-cosmetics.com\/dermalux\/flexmd\/","title":{"rendered":"FlexMD"},"content":{"rendered":"<p>[et_pb_section fb_built=&#8221;1&#8243; fullwidth=&#8221;on&#8221; _builder_version=&#8221;4.27.4&#8243; _module_preset=&#8221;default&#8221; global_colors_info=&#8221;{}&#8221;][et_pb_nextend_smart_slider_3_fullwidth slider=&#8221;10&#8243; _builder_version=&#8221;4.27.4&#8243; _module_preset=&#8221;default&#8221; global_colors_info=&#8221;{}&#8221;][\/et_pb_nextend_smart_slider_3_fullwidth][\/et_pb_section][et_pb_section fb_built=&#8221;1&#8243; _builder_version=&#8221;4.27.4&#8243; _module_preset=&#8221;default&#8221; background_color=&#8221;#203666&#8243; global_colors_info=&#8221;{}&#8221;][et_pb_row _builder_version=&#8221;4.27.4&#8243; _module_preset=&#8221;default&#8221; global_colors_info=&#8221;{}&#8221;][et_pb_column type=&#8221;4_4&#8243; _builder_version=&#8221;4.27.4&#8243; _module_preset=&#8221;default&#8221; global_colors_info=&#8221;{}&#8221;][et_pb_heading title=&#8221;OTKRIJTE \u0160TA MO\u017dETE&#8221; _builder_version=&#8221;4.27.4&#8243; _module_preset=&#8221;default&#8221; title_font=&#8221;|600|||||||&#8221; title_text_color=&#8221;#FFFFFF&#8221; global_colors_info=&#8221;{}&#8221;][\/et_pb_heading][et_pb_text _builder_version=&#8221;4.27.4&#8243; _module_preset=&#8221;default&#8221; text_text_color=&#8221;#FFFFFF&#8221; text_font_size=&#8221;17px&#8221; global_colors_info=&#8221;{}&#8221;]<\/p>\n<p>Flex MD je zlatni standard profesionalne, prenosive LED fototerapije koju pokrec\u0301e jedinstvena Dermalux tehnologija.<\/p>\n<p>CE sertifikovan i FDA odobren, fleksibilni LED niz pru\u017ea klini\u010dki dokazane rezultate bez premca za \u0161irok spektar indikacija i kombinovanih primena. Svestrani dizajn obezbe\u0111uje udoban i higijenski tretman za lice i telo.<\/p>\n<p>Rezultati nezavisnog testiranja pokazali su da je Flex MD najmanje 3 puta moc\u0301niji i da pru\u017ea neprevazi\u0111en u\u010dinak tretmana u pore\u0111enju sa drugim dostupnim prenosivim LED ure\u0111ajima.<\/p>\n<p>[\/et_pb_text][\/et_pb_column][\/et_pb_row][\/et_pb_section][et_pb_section fb_built=&#8221;1&#8243; disabled_on=&#8221;off|off|off&#8221; _builder_version=&#8221;4.27.4&#8243; _module_preset=&#8221;default&#8221; global_colors_info=&#8221;{}&#8221;][et_pb_row column_structure=&#8221;1_3,1_3,1_3&#8243; _builder_version=&#8221;4.27.4&#8243; _module_preset=&#8221;default&#8221; global_colors_info=&#8221;{}&#8221;][et_pb_column type=&#8221;1_3&#8243; _builder_version=&#8221;4.27.4&#8243; _module_preset=&#8221;default&#8221; global_colors_info=&#8221;{}&#8221;][et_pb_text _builder_version=&#8221;4.27.4&#8243; _module_preset=&#8221;default&#8221; header_font=&#8221;Belleza||||||||&#8221; header_text_color=&#8221;#00208A&#8221; header_font_size=&#8221;60px&#8221; height=&#8221;200px&#8221; custom_margin=&#8221;||||false|false&#8221; custom_padding=&#8221;5px|5px|5px|5px|false|false&#8221; box_shadow_style=&#8221;preset1&#8243; box_shadow_spread=&#8221;3px&#8221; global_colors_info=&#8221;{}&#8221;]<\/p>\n<h1 style=\"text-align: center;\"><span>1<\/span><\/h1>\n<p style=\"text-align: center;\"><span>Omogu\u0107ena TRI-WAVE MD, inovativnom kerami\u010dkom LED tehnologijom<\/span><\/p>\n<p>[\/et_pb_text][\/et_pb_column][et_pb_column type=&#8221;1_3&#8243; _builder_version=&#8221;4.27.4&#8243; _module_preset=&#8221;default&#8221; global_colors_info=&#8221;{}&#8221;][et_pb_text _builder_version=&#8221;4.27.4&#8243; _module_preset=&#8221;default&#8221; header_font=&#8221;Belleza||||||||&#8221; header_text_color=&#8221;#00208A&#8221; header_font_size=&#8221;60px&#8221; height=&#8221;200px&#8221; custom_margin=&#8221;||||false|false&#8221; custom_padding=&#8221;5px|5px|5px|5px|false|false&#8221; box_shadow_style=&#8221;preset1&#8243; box_shadow_spread=&#8221;3px&#8221; global_colors_info=&#8221;{}&#8221;]<\/p>\n<h1 style=\"text-align: center;\"><span>2<\/span><\/h1>\n<p style=\"text-align: center;\">Klini\u010dki dokazane talasne du\u017eine: Plava 415Nm, Crvena 633Nm, Bliska infracrvena 830Nm<\/p>\n<p>[\/et_pb_text][\/et_pb_column][et_pb_column type=&#8221;1_3&#8243; _builder_version=&#8221;4.27.4&#8243; _module_preset=&#8221;default&#8221; global_colors_info=&#8221;{}&#8221;][et_pb_text _builder_version=&#8221;4.27.4&#8243; _module_preset=&#8221;default&#8221; header_font=&#8221;Belleza||||||||&#8221; header_text_color=&#8221;#00208A&#8221; header_font_size=&#8221;60px&#8221; height=&#8221;200px&#8221; custom_margin=&#8221;||||false|false&#8221; custom_padding=&#8221;5px|5px|5px|5px|false|false&#8221; box_shadow_style=&#8221;preset1&#8243; box_shadow_spread=&#8221;3px&#8221; global_colors_info=&#8221;{}&#8221;]<\/p>\n<h1 style=\"text-align: center;\"><span>3<\/span><\/h1>\n<p style=\"text-align: center;\">Perspeks led za\u0161titni pokriva\u010d za lak\u0161u sanitizaciju<\/p>\n<p>[\/et_pb_text][\/et_pb_column][\/et_pb_row][et_pb_row column_structure=&#8221;1_3,1_3,1_3&#8243; _builder_version=&#8221;4.27.4&#8243; _module_preset=&#8221;default&#8221; custom_margin=&#8221;|auto||auto|false|false&#8221; global_colors_info=&#8221;{}&#8221;][et_pb_column type=&#8221;1_3&#8243; _builder_version=&#8221;4.27.4&#8243; _module_preset=&#8221;default&#8221; global_colors_info=&#8221;{}&#8221;][et_pb_text _builder_version=&#8221;4.27.4&#8243; _module_preset=&#8221;default&#8221; header_font=&#8221;Belleza||||||||&#8221; header_text_color=&#8221;#00208A&#8221; header_font_size=&#8221;60px&#8221; height=&#8221;200px&#8221; custom_margin=&#8221;||||false|false&#8221; custom_padding=&#8221;5px|5px|5px|5px|false|false&#8221; box_shadow_style=&#8221;preset1&#8243; box_shadow_spread=&#8221;3px&#8221; global_colors_info=&#8221;{}&#8221;]<\/p>\n<h1 style=\"text-align: center;\"><span>4<\/span><\/h1>\n<p style=\"text-align: center;\">Fleksibilni led dizajn za lice i telo<\/p>\n<p>[\/et_pb_text][\/et_pb_column][et_pb_column type=&#8221;1_3&#8243; _builder_version=&#8221;4.27.4&#8243; _module_preset=&#8221;default&#8221; global_colors_info=&#8221;{}&#8221;][et_pb_text _builder_version=&#8221;4.27.4&#8243; _module_preset=&#8221;default&#8221; header_font=&#8221;Belleza||||||||&#8221; header_text_color=&#8221;#00208A&#8221; header_font_size=&#8221;60px&#8221; height=&#8221;200px&#8221; custom_margin=&#8221;||||false|false&#8221; custom_padding=&#8221;5px|5px|5px|5px|false|false&#8221; box_shadow_style=&#8221;preset1&#8243; box_shadow_spread=&#8221;3px&#8221; global_colors_info=&#8221;{}&#8221;]<\/p>\n<h1 style=\"text-align: center;\"><span>5<\/span><\/h1>\n<p style=\"text-align: center;\">Bazna jedinica za obezbe\u0111ivanje optimalnog polo\u017eaja LED lampi<\/p>\n<p>[\/et_pb_text][\/et_pb_column][et_pb_column type=&#8221;1_3&#8243; _builder_version=&#8221;4.27.4&#8243; _module_preset=&#8221;default&#8221; global_colors_info=&#8221;{}&#8221;][et_pb_text _builder_version=&#8221;4.27.4&#8243; _module_preset=&#8221;default&#8221; header_font=&#8221;Belleza||||||||&#8221; header_text_color=&#8221;#00208A&#8221; header_font_size=&#8221;60px&#8221; height=&#8221;200px&#8221; custom_margin=&#8221;||||false|false&#8221; custom_padding=&#8221;5px|5px|5px|5px|false|false&#8221; box_shadow_style=&#8221;preset1&#8243; box_shadow_spread=&#8221;3px&#8221; global_colors_info=&#8221;{}&#8221;]<\/p>\n<h1 style=\"text-align: center;\"><span>6<\/span><\/h1>\n<p style=\"text-align: center;\">7 na\u010dina tretmana sa jednom i vi\u0161e talasnih du\u017eina<\/p>\n<p>[\/et_pb_text][\/et_pb_column][\/et_pb_row][et_pb_row _builder_version=&#8221;4.27.4&#8243; _module_preset=&#8221;default&#8221; background_color=&#8221;#aaaaaa&#8221; custom_padding=&#8221;||44px|||&#8221; global_colors_info=&#8221;{}&#8221;][et_pb_column type=&#8221;4_4&#8243; admin_label=&#8221;Column&#8221; _builder_version=&#8221;4.27.4&#8243; _module_preset=&#8221;default&#8221; global_colors_info=&#8221;{}&#8221;][et_pb_text _builder_version=&#8221;4.27.4&#8243; _module_preset=&#8221;default&#8221; text_font=&#8221;|600|||||||&#8221; text_text_color=&#8221;#000000&#8243; text_font_size=&#8221;20px&#8221; text_line_height=&#8221;2.8em&#8221; header_font=&#8221;|||on|||||&#8221; header_text_color=&#8221;#000000&#8243; header_font_size=&#8221;38px&#8221; background_enable_image=&#8221;off&#8221; z_index=&#8221;-495&#8243; module_alignment=&#8221;center&#8221; custom_margin=&#8221;||||false|false&#8221; custom_padding=&#8221;||||false|false&#8221; global_colors_info=&#8221;{}&#8221;]<\/p>\n<h1 style=\"text-align: center;\">Tehni\u010dka specifikacija<\/h1>\n<p>[\/et_pb_text][et_pb_accordion toggle_icon=&#8221;&#x43;||divi||400&#8243; _builder_version=&#8221;4.27.4&#8243; _module_preset=&#8221;default&#8221; toggle_font=&#8221;|600|||||||&#8221; closed_toggle_font=&#8221;|300|||||||&#8221; width=&#8221;90%&#8221; module_alignment=&#8221;center&#8221; animation_style=&#8221;fade&#8221; animation_duration=&#8221;2000ms&#8221; border_color_all=&#8221;#8300E9&#8243; box_shadow_style=&#8221;preset3&#8243; global_colors_info=&#8221;{}&#8221;][et_pb_accordion_item title=&#8221;Talasne du\u017eine (+\/- 2NM)&#8221; open=&#8221;on&#8221; _builder_version=&#8221;4.27.4&#8243; _module_preset=&#8221;default&#8221; global_colors_info=&#8221;{}&#8221; closed_toggle_font=&#8221;|300|||||||&#8221;]<\/p>\n<p>Plava 415NM<\/p>\n<p>Crvena 633NM<\/p>\n<p>Bliska infracrvena (NIR) 830NM<\/p>\n<p>[\/et_pb_accordion_item][et_pb_accordion_item title=&#8221;Sertifikacija&#8221; _builder_version=&#8221;4.27.4&#8243; _module_preset=&#8221;default&#8221; global_colors_info=&#8221;{}&#8221; open=&#8221;off&#8221;]<\/p>\n<p>FDA CLEARED, CE\u00a0<\/p>\n<p>[\/et_pb_accordion_item][et_pb_accordion_item title=&#8221;Vreme tretmana (min)&#8221; _builder_version=&#8221;4.27.4&#8243; _module_preset=&#8221;default&#8221; global_colors_info=&#8221;{}&#8221; open=&#8221;off&#8221;]<\/p>\n<p>1-30<\/p>\n<p>[\/et_pb_accordion_item][et_pb_accordion_item title=&#8221;Doza u d\u017eulima (J)&#8221; _builder_version=&#8221;4.27.4&#8243; _module_preset=&#8221;default&#8221; global_colors_info=&#8221;{}&#8221; open=&#8221;off&#8221;]<\/p>\n<p>10-40<\/p>\n<p>[\/et_pb_accordion_item][et_pb_accordion_item title=&#8221;Intenzitet (M\/W)&#8221; _builder_version=&#8221;4.27.4&#8243; _module_preset=&#8221;default&#8221; global_colors_info=&#8221;{}&#8221; open=&#8221;off&#8221;]<\/p>\n<p>5-27<\/p>\n<p>[\/et_pb_accordion_item][et_pb_accordion_item title=&#8221;Dimenzije ure\u0111aja (mm)&#8221; _builder_version=&#8221;4.27.4&#8243; _module_preset=&#8221;default&#8221; global_colors_info=&#8221;{}&#8221; open=&#8221;off&#8221;]<\/p>\n<p>\u0160: 520 \/ D: 3220 \/ V: 300<\/p>\n<p>[\/et_pb_accordion_item][et_pb_accordion_item title=&#8221;Dimenzije LED niza (mm)&#8221; _builder_version=&#8221;4.27.4&#8243; _module_preset=&#8221;default&#8221; global_colors_info=&#8221;{}&#8221; open=&#8221;off&#8221;]<\/p>\n<p>\u0160: 280 \/ D: 790 \/ V: 30<\/p>\n<p>[\/et_pb_accordion_item][et_pb_accordion_item title=&#8221;Te\u017eina ure\u0111aja (kg)&#8221; _builder_version=&#8221;4.27.4&#8243; _module_preset=&#8221;default&#8221; global_colors_info=&#8221;{}&#8221; open=&#8221;off&#8221;]<\/p>\n<p>1.5 (bez pakovanja)<\/p>\n<p>[\/et_pb_accordion_item][\/et_pb_accordion][\/et_pb_column][\/et_pb_row][\/et_pb_section][et_pb_section fb_built=&#8221;1&#8243; _builder_version=&#8221;4.27.4&#8243; _module_preset=&#8221;default&#8221; background_color=&#8221;#aeb5be&#8221; global_colors_info=&#8221;{}&#8221;][et_pb_row _builder_version=&#8221;4.27.4&#8243; _module_preset=&#8221;default&#8221; global_colors_info=&#8221;{}&#8221;][et_pb_column type=&#8221;4_4&#8243; _builder_version=&#8221;4.27.4&#8243; _module_preset=&#8221;default&#8221; global_colors_info=&#8221;{}&#8221;][et_pb_text _builder_version=&#8221;4.27.4&#8243; _module_preset=&#8221;default&#8221; text_text_color=&#8221;#FFFFFF&#8221; header_text_color=&#8221;#FFFFFF&#8221; header_font_size=&#8221;50px&#8221; global_colors_info=&#8221;{}&#8221;]<\/p>\n<h1 style=\"text-align: center;\">CE sertifikovan i FDA odobren za akne, psorijazu, le\u010denje rana i smanjivanje muskulo-skeletalnog bola.<\/h1>\n<p>[\/et_pb_text][\/et_pb_column][\/et_pb_row][\/et_pb_section][et_pb_section fb_built=&#8221;1&#8243; specialty=&#8221;on&#8221; _builder_version=&#8221;4.27.4&#8243; _module_preset=&#8221;default&#8221; module_alignment=&#8221;left&#8221; inner_module_alignment=&#8221;center&#8221; global_colors_info=&#8221;{}&#8221;][et_pb_column type=&#8221;2_3&#8243; specialty_columns=&#8221;2&#8243; _builder_version=&#8221;4.16&#8243; custom_padding=&#8221;|||&#8221; global_colors_info=&#8221;{}&#8221; custom_padding__hover=&#8221;|||&#8221;][et_pb_row_inner _builder_version=&#8221;4.27.4&#8243; _module_preset=&#8221;default&#8221; global_colors_info=&#8221;{}&#8221;][et_pb_column_inner saved_specialty_column_type=&#8221;2_3&#8243; _builder_version=&#8221;4.27.4&#8243; _module_preset=&#8221;default&#8221; global_colors_info=&#8221;{}&#8221;][et_pb_text _builder_version=&#8221;4.27.4&#8243; _module_preset=&#8221;default&#8221; global_colors_info=&#8221;{}&#8221;]<\/p>\n<h2>MO\u0106AN<\/h2>\n<p>Flex MD pokrec\u0301e ista jedinstvena i revolucionarna kerami\u010dka LED tehnologija kao i Tri-Wave MD sistem kako bi se omoguc\u0301ila vec\u0301a izlazna opti\u010dka snaga. Dizajniran za maksimalnu snagu sa manje toplote kako bi se osigurao bezbedan, konzistentan u\u010dinak i ponovljivi rezultati sa svakim tretmanom.<\/p>\n<p>[\/et_pb_text][et_pb_text _builder_version=&#8221;4.27.4&#8243; _module_preset=&#8221;default&#8221; global_colors_info=&#8221;{}&#8221;]<\/p>\n<h2>DOKAZAN<\/h2>\n<p>Flex MD je proizveden prema strogim medicinskim standardima, testiran u skladu sa visokim standardima kvaliteta, bezbednosti i efikasnosti i nezavisno verifikovan da daje rezultate u skladu sa medicinskim tvrdnjama. Sa najvec\u0301im klini\u010dki dokazanim talasnim du\u017einama koje podr\u017eava nauka, Flex daje rezultate bez premca podr\u017eane stotinama profesionalnih studija slu\u010daja.<\/p>\n<p>[\/et_pb_text][et_pb_text _builder_version=&#8221;4.27.4&#8243; _module_preset=&#8221;default&#8221; global_colors_info=&#8221;{}&#8221;]<\/p>\n<h2>SVESTRANA PRIMENA<\/h2>\n<p>Flex MD je multifunkcionalni, svestrani dizajn za primenu u tretmanima lica i tela. Laki niz LED dioda je implementiran u glavnom sistemu kako bi se obezbedio optimalan tretman za lice i telo.<\/p>\n<p>[\/et_pb_text][\/et_pb_column_inner][\/et_pb_row_inner][\/et_pb_column][et_pb_column type=&#8221;1_3&#8243; _builder_version=&#8221;4.16&#8243; custom_padding=&#8221;|||&#8221; global_colors_info=&#8221;{}&#8221; custom_padding__hover=&#8221;|||&#8221;][et_pb_image src=&#8221;https:\/\/d-cosmetics.com\/dermalux\/wp-content\/uploads\/sites\/13\/2024\/11\/Flex-MD-5.webp&#8221; title_text=&#8221;Flex-MD-5&#8243; _builder_version=&#8221;4.27.4&#8243; _module_preset=&#8221;default&#8221; module_alignment=&#8221;right&#8221; custom_padding=&#8221;|0px||||&#8221; box_shadow_style=&#8221;preset2&#8243; global_colors_info=&#8221;{}&#8221;][\/et_pb_image][\/et_pb_column][\/et_pb_section][et_pb_section fb_built=&#8221;1&#8243; _builder_version=&#8221;4.27.4&#8243; _module_preset=&#8221;default&#8221; global_colors_info=&#8221;{}&#8221;][et_pb_row column_structure=&#8221;1_2,1_2&#8243; _builder_version=&#8221;4.27.4&#8243; _module_preset=&#8221;default&#8221; use_background_color_gradient=&#8221;on&#8221; background_color_gradient_direction=&#8221;90deg&#8221; background_color_gradient_stops=&#8221;#88c4dd 0%|#8b68ee 100%&#8221; max_width=&#8221;1400px&#8221; custom_margin=&#8221;||||false|false&#8221; custom_padding=&#8221;25px|30px|0px|30px|false|false&#8221; border_radii=&#8221;on|20px|20px|20px|20px&#8221; box_shadow_style=&#8221;preset3&#8243; locked=&#8221;off&#8221; global_colors_info=&#8221;{}&#8221;][et_pb_column type=&#8221;1_2&#8243; _builder_version=&#8221;4.27.4&#8243; _module_preset=&#8221;default&#8221; global_colors_info=&#8221;{}&#8221;][et_pb_heading title=&#8221;\u0160ta sadr\u017ei&#8221; _builder_version=&#8221;4.27.4&#8243; _module_preset=&#8221;default&#8221; title_font=&#8221;|||on|||||&#8221; title_text_color=&#8221;#FFFFFF&#8221; custom_padding=&#8221;||30px||false|false&#8221; global_colors_info=&#8221;{}&#8221;][\/et_pb_heading][et_pb_text _builder_version=&#8221;4.27.4&#8243; _module_preset=&#8221;default&#8221; text_font=&#8221;||||||||&#8221; text_text_color=&#8221;#FFFFFF&#8221; text_font_size=&#8221;22px&#8221; ul_text_color=&#8221;#FFFFFF&#8221; custom_padding=&#8221;||10px||false|false&#8221; global_colors_info=&#8221;{}&#8221;]<\/p>\n<ul>\n<li>OBUKA<\/li>\n<li>KONTINUIRANA EDUKACIJA<\/li>\n<li>MARKETIN\u0160KA PODR\u0160KA<\/li>\n<li>PROTOKOLI I MATERIJALI<\/li>\n<li>TEHNI\u010cKA PODR\u0160KA<\/li>\n<li>GARANCIJA 2 GODINE<\/li>\n<\/ul>\n<p>[\/et_pb_text][\/et_pb_column][et_pb_column type=&#8221;1_2&#8243; _builder_version=&#8221;4.27.4&#8243; _module_preset=&#8221;default&#8221; global_colors_info=&#8221;{}&#8221;][et_pb_divider show_divider=&#8221;off&#8221; _builder_version=&#8221;4.27.4&#8243; _module_preset=&#8221;default&#8221; global_colors_info=&#8221;{}&#8221;][\/et_pb_divider][dipl_floating_image _builder_version=&#8221;4.27.4&#8243; _module_preset=&#8221;default&#8221; global_colors_info=&#8221;{}&#8221;][dipl_floating_image_item image=&#8221;https:\/\/d-cosmetics.com\/dermalux\/wp-content\/uploads\/sites\/13\/2024\/11\/Flex-MD-7.webp&#8221; horizontal_align=&#8221;25%&#8221; vertical_align=&#8221;2%&#8221; _builder_version=&#8221;4.27.4&#8243; _module_preset=&#8221;default&#8221; width=&#8221;60%&#8221; border_radii=&#8221;on|10px|10px|10px|10px&#8221; box_shadow_style=&#8221;preset2&#8243; global_colors_info=&#8221;{}&#8221;][\/dipl_floating_image_item][\/dipl_floating_image][\/et_pb_column][\/et_pb_row][\/et_pb_section]<\/p>\n","protected":false},"excerpt":{"rendered":"<p>Flex MD je zlatni standard profesionalne, prenosive LED fototerapije koju pokrec\u0301e jedinstvena Dermalux tehnologija. CE sertifikovan i FDA odobren, fleksibilni LED niz pru\u017ea klini\u010dki dokazane rezultate bez premca za \u0161irok [&hellip;]<\/p>\n","protected":false},"author":1,"featured_media":0,"parent":0,"menu_order":0,"comment_status":"closed","ping_status":"closed","template":"","meta":{"_seopress_robots_primary_cat":"","_seopress_titles_title":"","_seopress_titles_desc":"","_seopress_robots_index":"","_et_pb_use_builder":"on","_et_pb_old_content":"","_et_gb_content_width":"","inline_featured_image":false,"footnotes":""},"class_list":["post-360","page","type-page","status-publish","hentry"],"_links":{"self":[{"href":"https:\/\/d-cosmetics.com\/dermalux\/wp-json\/wp\/v2\/pages\/360","targetHints":{"allow":["GET"]}}],"collection":[{"href":"https:\/\/d-cosmetics.com\/dermalux\/wp-json\/wp\/v2\/pages"}],"about":[{"href":"https:\/\/d-cosmetics.com\/dermalux\/wp-json\/wp\/v2\/types\/page"}],"author":[{"embeddable":true,"href":"https:\/\/d-cosmetics.com\/dermalux\/wp-json\/wp\/v2\/users\/1"}],"replies":[{"embeddable":true,"href":"https:\/\/d-cosmetics.com\/dermalux\/wp-json\/wp\/v2\/comments?post=360"}],"version-history":[{"count":1,"href":"https:\/\/d-cosmetics.com\/dermalux\/wp-json\/wp\/v2\/pages\/360\/revisions"}],"predecessor-version":[{"id":600,"href":"https:\/\/d-cosmetics.com\/dermalux\/wp-json\/wp\/v2\/pages\/360\/revisions\/600"}],"wp:attachment":[{"href":"https:\/\/d-cosmetics.com\/dermalux\/wp-json\/wp\/v2\/media?parent=360"}],"curies":[{"name":"wp","href":"https:\/\/api.w.org\/{rel}","templated":true}]}}