{"id":363,"date":"2024-11-29T00:36:16","date_gmt":"2024-11-29T00:36:16","guid":{"rendered":"https:\/\/d-cosmetics.com\/dermalux\/?page_id=363"},"modified":"2024-12-16T12:58:59","modified_gmt":"2024-12-16T12:58:59","slug":"tri-wave","status":"publish","type":"page","link":"https:\/\/d-cosmetics.com\/dermalux\/tri-wave\/","title":{"rendered":"Tri-Wave"},"content":{"rendered":"<p>[et_pb_section fb_built=&#8221;1&#8243; fullwidth=&#8221;on&#8221; _builder_version=&#8221;4.27.4&#8243; _module_preset=&#8221;default&#8221; global_colors_info=&#8221;{}&#8221;][et_pb_nextend_smart_slider_3_fullwidth slider=&#8221;12&#8243; _builder_version=&#8221;4.27.4&#8243; _module_preset=&#8221;default&#8221; global_colors_info=&#8221;{}&#8221; hover_enabled=&#8221;0&#8243; sticky_enabled=&#8221;0&#8243;][\/et_pb_nextend_smart_slider_3_fullwidth][\/et_pb_section][et_pb_section fb_built=&#8221;1&#8243; _builder_version=&#8221;4.27.4&#8243; _module_preset=&#8221;default&#8221; background_color=&#8221;#203666&#8243; global_colors_info=&#8221;{}&#8221;][et_pb_row _builder_version=&#8221;4.27.4&#8243; _module_preset=&#8221;default&#8221; global_colors_info=&#8221;{}&#8221;][et_pb_column type=&#8221;4_4&#8243; _builder_version=&#8221;4.27.4&#8243; _module_preset=&#8221;default&#8221; global_colors_info=&#8221;{}&#8221;][et_pb_heading title=&#8221;POMERAMO GRANICE LED TERAPIJA NA VI\u0160I NIVO&#8221; _builder_version=&#8221;4.27.4&#8243; _module_preset=&#8221;default&#8221; title_font=&#8221;|600|||||||&#8221; title_text_color=&#8221;#FFFFFF&#8221; global_colors_info=&#8221;{}&#8221;][\/et_pb_heading][et_pb_text _builder_version=&#8221;4.27.4&#8243; _module_preset=&#8221;default&#8221; text_text_color=&#8221;#FFFFFF&#8221; text_font_size=&#8221;17px&#8221; global_colors_info=&#8221;{}&#8221;]<\/p>\n<p>Pomeramo granice postoje\u0107e tehnologije u smislu efikasnosti i performansi kako bi stvorili najsavremeniji sistem. Koncept koji je su\u0161tinski razvijan za budu\u0107nost.<\/p>\n<p>[\/et_pb_text][\/et_pb_column][\/et_pb_row][\/et_pb_section][et_pb_section fb_built=&#8221;1&#8243; disabled_on=&#8221;off|off|off&#8221; _builder_version=&#8221;4.27.4&#8243; _module_preset=&#8221;default&#8221; global_colors_info=&#8221;{}&#8221;][et_pb_row column_structure=&#8221;1_3,1_3,1_3&#8243; _builder_version=&#8221;4.27.4&#8243; _module_preset=&#8221;default&#8221; global_colors_info=&#8221;{}&#8221;][et_pb_column type=&#8221;1_3&#8243; _builder_version=&#8221;4.27.4&#8243; _module_preset=&#8221;default&#8221; global_colors_info=&#8221;{}&#8221;][et_pb_text _builder_version=&#8221;4.27.4&#8243; _module_preset=&#8221;default&#8221; header_font=&#8221;Belleza||||||||&#8221; header_text_color=&#8221;#00208A&#8221; header_font_size=&#8221;60px&#8221; height=&#8221;200px&#8221; custom_margin=&#8221;||||false|false&#8221; custom_padding=&#8221;5px|5px|5px|5px|false|false&#8221; box_shadow_style=&#8221;preset1&#8243; box_shadow_spread=&#8221;3px&#8221; global_colors_info=&#8221;{}&#8221;]<\/p>\n<h1 style=\"text-align: center;\"><span>1<\/span><\/h1>\n<p style=\"text-align: center;\"><span>Svestran, pogodan za lice i telo<\/span><\/p>\n<p>[\/et_pb_text][\/et_pb_column][et_pb_column type=&#8221;1_3&#8243; _builder_version=&#8221;4.27.4&#8243; _module_preset=&#8221;default&#8221; global_colors_info=&#8221;{}&#8221;][et_pb_text _builder_version=&#8221;4.27.4&#8243; _module_preset=&#8221;default&#8221; header_font=&#8221;Belleza||||||||&#8221; header_text_color=&#8221;#00208A&#8221; header_font_size=&#8221;60px&#8221; height=&#8221;200px&#8221; custom_margin=&#8221;||||false|false&#8221; custom_padding=&#8221;5px|5px|5px|5px|false|false&#8221; box_shadow_style=&#8221;preset1&#8243; box_shadow_spread=&#8221;3px&#8221; global_colors_info=&#8221;{}&#8221;]<\/p>\n<h1 style=\"text-align: center;\"><span>2<\/span><\/h1>\n<p style=\"text-align: center;\">Dizajniran za mobilnost<\/p>\n<p>[\/et_pb_text][\/et_pb_column][et_pb_column type=&#8221;1_3&#8243; _builder_version=&#8221;4.27.4&#8243; _module_preset=&#8221;default&#8221; global_colors_info=&#8221;{}&#8221;][et_pb_text _builder_version=&#8221;4.27.4&#8243; _module_preset=&#8221;default&#8221; header_font=&#8221;Belleza||||||||&#8221; header_text_color=&#8221;#00208A&#8221; header_font_size=&#8221;60px&#8221; height=&#8221;200px&#8221; custom_margin=&#8221;||||false|false&#8221; custom_padding=&#8221;5px|5px|5px|5px|false|false&#8221; box_shadow_style=&#8221;preset1&#8243; box_shadow_spread=&#8221;3px&#8221; global_colors_info=&#8221;{}&#8221;]<\/p>\n<h1 style=\"text-align: center;\"><span>3<\/span><\/h1>\n<p style=\"text-align: center;\">Najmo\u0107niji ure\u0111aj, isporu\u010dije do 240J\/cm<sup>2 \u00a0<\/sup>u jednom tretmanu<\/p>\n<p>[\/et_pb_text][\/et_pb_column][\/et_pb_row][et_pb_row column_structure=&#8221;1_3,1_3,1_3&#8243; _builder_version=&#8221;4.27.4&#8243; _module_preset=&#8221;default&#8221; custom_margin=&#8221;|auto||auto|false|false&#8221; global_colors_info=&#8221;{}&#8221;][et_pb_column type=&#8221;1_3&#8243; _builder_version=&#8221;4.27.4&#8243; _module_preset=&#8221;default&#8221; global_colors_info=&#8221;{}&#8221;][et_pb_text _builder_version=&#8221;4.27.4&#8243; _module_preset=&#8221;default&#8221; header_font=&#8221;Belleza||||||||&#8221; header_text_color=&#8221;#00208A&#8221; header_font_size=&#8221;60px&#8221; height=&#8221;200px&#8221; custom_margin=&#8221;||||false|false&#8221; custom_padding=&#8221;5px|5px|5px|5px|false|false&#8221; box_shadow_style=&#8221;preset1&#8243; box_shadow_spread=&#8221;3px&#8221; global_colors_info=&#8221;{}&#8221;]<\/p>\n<h1 style=\"text-align: center;\"><span>4<\/span><\/h1>\n<p style=\"text-align: center;\">Sertifikovan da dodatno isporu\u010duje fotodinami\u010dke (PDT) tretmane za le\u010denje nemelanomskog raka ko\u017ee<\/p>\n<p>[\/et_pb_text][\/et_pb_column][et_pb_column type=&#8221;1_3&#8243; _builder_version=&#8221;4.27.4&#8243; _module_preset=&#8221;default&#8221; global_colors_info=&#8221;{}&#8221;][et_pb_text _builder_version=&#8221;4.27.4&#8243; _module_preset=&#8221;default&#8221; header_font=&#8221;Belleza||||||||&#8221; header_text_color=&#8221;#00208A&#8221; header_font_size=&#8221;60px&#8221; height=&#8221;200px&#8221; custom_margin=&#8221;||||false|false&#8221; custom_padding=&#8221;5px|5px|5px|5px|false|false&#8221; box_shadow_style=&#8221;preset1&#8243; box_shadow_spread=&#8221;3px&#8221; global_colors_info=&#8221;{}&#8221;]<\/p>\n<h1 style=\"text-align: center;\"><span>5<\/span><\/h1>\n<p style=\"text-align: center;\">Bezbedan i pouzdan<\/p>\n<p>[\/et_pb_text][\/et_pb_column][et_pb_column type=&#8221;1_3&#8243; _builder_version=&#8221;4.27.4&#8243; _module_preset=&#8221;default&#8221; global_colors_info=&#8221;{}&#8221;][et_pb_text _builder_version=&#8221;4.27.4&#8243; _module_preset=&#8221;default&#8221; header_font=&#8221;Belleza||||||||&#8221; header_text_color=&#8221;#00208A&#8221; header_font_size=&#8221;60px&#8221; height=&#8221;200px&#8221; custom_margin=&#8221;||||false|false&#8221; custom_padding=&#8221;5px|5px|5px|5px|false|false&#8221; box_shadow_style=&#8221;preset1&#8243; box_shadow_spread=&#8221;3px&#8221; global_colors_info=&#8221;{}&#8221;]<\/p>\n<h1 style=\"text-align: center;\"><span>6<\/span><\/h1>\n<p style=\"text-align: center;\">Elegantan i moderan. Evropska nagrada za dizajn proizvoda 2024.<\/p>\n<p>[\/et_pb_text][\/et_pb_column][\/et_pb_row][et_pb_row _builder_version=&#8221;4.27.4&#8243; _module_preset=&#8221;default&#8221; background_color=&#8221;#aaaaaa&#8221; custom_padding=&#8221;||44px|||&#8221; global_colors_info=&#8221;{}&#8221;][et_pb_column type=&#8221;4_4&#8243; admin_label=&#8221;Column&#8221; _builder_version=&#8221;4.27.4&#8243; _module_preset=&#8221;default&#8221; global_colors_info=&#8221;{}&#8221;][et_pb_text _builder_version=&#8221;4.27.4&#8243; _module_preset=&#8221;default&#8221; text_font=&#8221;|600|||||||&#8221; text_text_color=&#8221;#000000&#8243; text_font_size=&#8221;20px&#8221; text_line_height=&#8221;2.8em&#8221; header_font=&#8221;|||on|||||&#8221; header_text_color=&#8221;#000000&#8243; header_font_size=&#8221;38px&#8221; background_enable_image=&#8221;off&#8221; z_index=&#8221;-495&#8243; module_alignment=&#8221;center&#8221; custom_margin=&#8221;||||false|false&#8221; custom_padding=&#8221;||||false|false&#8221; global_colors_info=&#8221;{}&#8221;]<\/p>\n<h1 style=\"text-align: center;\">Tehni\u010dka specifikacija<\/h1>\n<p>[\/et_pb_text][et_pb_accordion toggle_icon=&#8221;&#x43;||divi||400&#8243; _builder_version=&#8221;4.27.4&#8243; _module_preset=&#8221;default&#8221; toggle_font=&#8221;|600|||||||&#8221; closed_toggle_font=&#8221;|300|||||||&#8221; width=&#8221;90%&#8221; module_alignment=&#8221;center&#8221; animation_style=&#8221;fade&#8221; animation_duration=&#8221;2000ms&#8221; border_color_all=&#8221;#8300E9&#8243; box_shadow_style=&#8221;preset3&#8243; global_colors_info=&#8221;{}&#8221;][et_pb_accordion_item title=&#8221;Talasne du\u017eine (+\/- 2NM)&#8221; open=&#8221;on&#8221; _builder_version=&#8221;4.27.4&#8243; _module_preset=&#8221;default&#8221; global_colors_info=&#8221;{}&#8221; closed_toggle_font=&#8221;|300|||||||&#8221;]<\/p>\n<p>Plava 415NM<\/p>\n<p>Crvena 633NM<\/p>\n<p>Bliska infracrvena (NIR) 830NM<\/p>\n<p>[\/et_pb_accordion_item][et_pb_accordion_item title=&#8221;Sertifikacija&#8221; _builder_version=&#8221;4.27.4&#8243; _module_preset=&#8221;default&#8221; global_colors_info=&#8221;{}&#8221; open=&#8221;off&#8221;]<\/p>\n<p>FDA CLEARED, CE\u00a0<\/p>\n<p>[\/et_pb_accordion_item][et_pb_accordion_item title=&#8221;Vreme tretmana (min)&#8221; _builder_version=&#8221;4.27.4&#8243; _module_preset=&#8221;default&#8221; global_colors_info=&#8221;{}&#8221; open=&#8221;off&#8221;]<\/p>\n<p>1-20<\/p>\n<p>[\/et_pb_accordion_item][et_pb_accordion_item title=&#8221;Doza u d\u017eulima (J)&#8221; _builder_version=&#8221;4.27.4&#8243; _module_preset=&#8221;default&#8221; global_colors_info=&#8221;{}&#8221; open=&#8221;off&#8221;]<\/p>\n<p>8-240<\/p>\n<p>[\/et_pb_accordion_item][et_pb_accordion_item title=&#8221;Intenzitet (M\/W)&#8221; _builder_version=&#8221;4.27.4&#8243; _module_preset=&#8221;default&#8221; global_colors_info=&#8221;{}&#8221; open=&#8221;off&#8221;]<\/p>\n<p>7-200 mW\/cm<sup>2<\/sup><\/p>\n<p>[\/et_pb_accordion_item][et_pb_accordion_item title=&#8221;Dimenzije ure\u0111aja (mm)&#8221; _builder_version=&#8221;4.27.4&#8243; _module_preset=&#8221;default&#8221; global_colors_info=&#8221;{}&#8221; open=&#8221;off&#8221;]<\/p>\n<p>\u0160: 1300 \/ D: 520 \/ V: 580<\/p>\n<p>[\/et_pb_accordion_item][et_pb_accordion_item title=&#8221;Te\u017eina ure\u0111aja (kg)&#8221; _builder_version=&#8221;4.27.4&#8243; _module_preset=&#8221;default&#8221; global_colors_info=&#8221;{}&#8221; open=&#8221;off&#8221;]<\/p>\n<p>50<\/p>\n<p>[\/et_pb_accordion_item][\/et_pb_accordion][\/et_pb_column][\/et_pb_row][\/et_pb_section][et_pb_section fb_built=&#8221;1&#8243; _builder_version=&#8221;4.27.4&#8243; _module_preset=&#8221;default&#8221; background_color=&#8221;#aeb5be&#8221; global_colors_info=&#8221;{}&#8221;][et_pb_row _builder_version=&#8221;4.27.4&#8243; _module_preset=&#8221;default&#8221; global_colors_info=&#8221;{}&#8221;][et_pb_column type=&#8221;4_4&#8243; _builder_version=&#8221;4.27.4&#8243; _module_preset=&#8221;default&#8221; global_colors_info=&#8221;{}&#8221;][et_pb_text _builder_version=&#8221;4.27.4&#8243; _module_preset=&#8221;default&#8221; text_text_color=&#8221;#FFFFFF&#8221; header_text_color=&#8221;#FFFFFF&#8221; header_font_size=&#8221;50px&#8221; global_colors_info=&#8221;{}&#8221;]<\/p>\n<h1 style=\"text-align: center;\">CE sertifikovan i FDA odobren za akne, psorijazu, le\u010denje rana i smanjivanje muskulo-skeletalnog bola.<\/h1>\n<p>[\/et_pb_text][\/et_pb_column][\/et_pb_row][\/et_pb_section][et_pb_section fb_built=&#8221;1&#8243; specialty=&#8221;on&#8221; _builder_version=&#8221;4.27.4&#8243; _module_preset=&#8221;default&#8221; module_alignment=&#8221;left&#8221; inner_module_alignment=&#8221;center&#8221; global_colors_info=&#8221;{}&#8221;][et_pb_column type=&#8221;2_3&#8243; specialty_columns=&#8221;2&#8243; _builder_version=&#8221;4.16&#8243; custom_padding=&#8221;|||&#8221; global_colors_info=&#8221;{}&#8221; custom_padding__hover=&#8221;|||&#8221;][et_pb_row_inner _builder_version=&#8221;4.27.4&#8243; _module_preset=&#8221;default&#8221; global_colors_info=&#8221;{}&#8221;][et_pb_column_inner saved_specialty_column_type=&#8221;2_3&#8243; _builder_version=&#8221;4.27.4&#8243; _module_preset=&#8221;default&#8221; global_colors_info=&#8221;{}&#8221;][et_pb_text _builder_version=&#8221;4.27.4&#8243; _module_preset=&#8221;default&#8221; global_colors_info=&#8221;{}&#8221;]<\/p>\n<h2>RAZNOVRSTAN<\/h2>\n<p>Najmoc\u0301niji ure\u0111aj, ure\u0111aj koristi veliku, podesivu glavu sa 4 LED niza za pru\u017eanje tretmana na velikim povr\u0161inama ko\u017ee.<br \/>Isporu\u010duje do 240 j\/cm2 u jednom tretmanu. Svaki panel mo\u017ee da emituje 3 klini\u010dki dokazane talasne du\u017eine, nezavisno ili zajedno.<br \/>Patentirani LED sistem za hla\u0111enje koji omoguc\u0301ava LED diodama da rade efikasnije i imaju du\u017ei \u017eivotni vek bez degradacije.<br \/>Izlazne glave koriste centrifugalne ventilatore koji usmeravaju vazduh preko podru\u010dja tretmana, rasipajuc\u0301i toplotu po povr\u0161ini ko\u017ee, povec\u0301avajuc\u0301i udobnost pacijenta.<\/p>\n<p>[\/et_pb_text][et_pb_text _builder_version=&#8221;4.27.4&#8243; _module_preset=&#8221;default&#8221; global_colors_info=&#8221;{}&#8221;]<\/p>\n<h2>BEZBEDAN<\/h2>\n<p>Proizveden prema strogim medicinskim CE standardima i odobren od FDA.<br \/>Funkcija zaustavljanja u hitnim slu\u010dajevima radi bezbednosti pacijenata. <br \/>Sistem ima razli\u010dite sigurnosne isklju\u010dnice kao \u0161to su toplotno i strujno preopterec\u0301enje, dizajnirane sa nizom poruka upozorenja da obave\u0161tavaju operatera i \u0161tite pacijenta.<\/p>\n<p>[\/et_pb_text][et_pb_text _builder_version=&#8221;4.27.4&#8243; _module_preset=&#8221;default&#8221; global_colors_info=&#8221;{}&#8221;]<\/p>\n<h2>&#8220;DIZAJNERSKI&#8221; LED<\/h2>\n<p>Elegantan i moderan, Tri-Wave MD je dizajniran da upotpuni va\u0161e klini\u010dko okru\u017eenje. <br \/>Monolitna struktura pru\u017ea \u010distu estetiku. <br \/>Dobitnik Evropske nagrade za dizajn proizvoda 2024.<br \/>Visokokvalitetni premium materijali. Paneli ku\u0107i\u0161ta su dizajnirani da budu otporni na ogrebotine i izdr\u017ee kontinuiranu upotrebu i razi\u010dite agense za \u010di\u0161\u0107enje i dezinfekciju.<\/p>\n<p>[\/et_pb_text][\/et_pb_column_inner][\/et_pb_row_inner][\/et_pb_column][et_pb_column type=&#8221;1_3&#8243; _builder_version=&#8221;4.16&#8243; custom_padding=&#8221;|||&#8221; global_colors_info=&#8221;{}&#8221; custom_padding__hover=&#8221;|||&#8221;][et_pb_image src=&#8221;https:\/\/d-cosmetics.com\/dermalux\/wp-content\/uploads\/sites\/13\/2024\/11\/Tri-Wave-MD-2.webp&#8221; title_text=&#8221;Tri-Wave-MD-2&#8243; _builder_version=&#8221;4.27.4&#8243; _module_preset=&#8221;default&#8221; module_alignment=&#8221;right&#8221; custom_padding=&#8221;|0px||||&#8221; box_shadow_style=&#8221;preset2&#8243; global_colors_info=&#8221;{}&#8221;][\/et_pb_image][\/et_pb_column][\/et_pb_section][et_pb_section fb_built=&#8221;1&#8243; _builder_version=&#8221;4.27.4&#8243; _module_preset=&#8221;default&#8221; global_colors_info=&#8221;{}&#8221;][et_pb_row column_structure=&#8221;1_2,1_2&#8243; _builder_version=&#8221;4.27.4&#8243; _module_preset=&#8221;default&#8221; use_background_color_gradient=&#8221;on&#8221; background_color_gradient_direction=&#8221;90deg&#8221; background_color_gradient_stops=&#8221;#88c4dd 0%|#8b68ee 100%&#8221; max_width=&#8221;1400px&#8221; custom_margin=&#8221;||||false|false&#8221; custom_padding=&#8221;25px|30px|0px|30px|false|false&#8221; border_radii=&#8221;on|20px|20px|20px|20px&#8221; box_shadow_style=&#8221;preset3&#8243; locked=&#8221;off&#8221; global_colors_info=&#8221;{}&#8221;][et_pb_column type=&#8221;1_2&#8243; _builder_version=&#8221;4.27.4&#8243; _module_preset=&#8221;default&#8221; global_colors_info=&#8221;{}&#8221;][et_pb_heading title=&#8221;\u0160ta sadr\u017ei&#8221; _builder_version=&#8221;4.27.4&#8243; _module_preset=&#8221;default&#8221; title_font=&#8221;|||on|||||&#8221; title_text_color=&#8221;#FFFFFF&#8221; custom_padding=&#8221;||30px||false|false&#8221; global_colors_info=&#8221;{}&#8221;][\/et_pb_heading][et_pb_text _builder_version=&#8221;4.27.4&#8243; _module_preset=&#8221;default&#8221; text_font=&#8221;||||||||&#8221; text_text_color=&#8221;#FFFFFF&#8221; text_font_size=&#8221;22px&#8221; ul_text_color=&#8221;#FFFFFF&#8221; custom_padding=&#8221;||10px||false|false&#8221; global_colors_info=&#8221;{}&#8221;]<\/p>\n<ul>\n<li>OBUKA<\/li>\n<li>KONTINUIRANA EDUKACIJA<\/li>\n<li>MARKETIN\u0160KA PODR\u0160KA<\/li>\n<li>PROTOKOLI I MATERIJALI<\/li>\n<li>TEHNI\u010cKA PODR\u0160KA<\/li>\n<li>GARANCIJA 2 GODINE<\/li>\n<\/ul>\n<p>[\/et_pb_text][\/et_pb_column][et_pb_column type=&#8221;1_2&#8243; _builder_version=&#8221;4.27.4&#8243; _module_preset=&#8221;default&#8221; global_colors_info=&#8221;{}&#8221;][et_pb_divider show_divider=&#8221;off&#8221; _builder_version=&#8221;4.27.4&#8243; _module_preset=&#8221;default&#8221; global_colors_info=&#8221;{}&#8221;][\/et_pb_divider][dipl_floating_image _builder_version=&#8221;4.27.4&#8243; _module_preset=&#8221;default&#8221; global_colors_info=&#8221;{}&#8221;][dipl_floating_image_item image=&#8221;https:\/\/d-cosmetics.com\/dermalux\/wp-content\/uploads\/sites\/13\/2024\/11\/Tri-Wave-MD-6-e1725030370241.webp&#8221; horizontal_align=&#8221;25%&#8221; vertical_align=&#8221;2%&#8221; _builder_version=&#8221;4.27.4&#8243; _module_preset=&#8221;default&#8221; width=&#8221;60%&#8221; border_radii=&#8221;on|10px|10px|10px|10px&#8221; box_shadow_style=&#8221;preset2&#8243; global_colors_info=&#8221;{}&#8221;][\/dipl_floating_image_item][\/dipl_floating_image][\/et_pb_column][\/et_pb_row][\/et_pb_section]<\/p>\n","protected":false},"excerpt":{"rendered":"<p>Pomeramo granice postoje\u0107e tehnologije u smislu efikasnosti i performansi kako bi stvorili najsavremeniji sistem. Koncept koji je su\u0161tinski razvijan za budu\u0107nost.1 Svestran, pogodan za lice i telo2 Dizajniran za mobilnost3 [&hellip;]<\/p>\n","protected":false},"author":1,"featured_media":0,"parent":0,"menu_order":0,"comment_status":"closed","ping_status":"closed","template":"","meta":{"_seopress_robots_primary_cat":"","_seopress_titles_title":"","_seopress_titles_desc":"","_seopress_robots_index":"","_et_pb_use_builder":"on","_et_pb_old_content":"","_et_gb_content_width":"","inline_featured_image":false,"footnotes":""},"class_list":["post-363","page","type-page","status-publish","hentry"],"_links":{"self":[{"href":"https:\/\/d-cosmetics.com\/dermalux\/wp-json\/wp\/v2\/pages\/363","targetHints":{"allow":["GET"]}}],"collection":[{"href":"https:\/\/d-cosmetics.com\/dermalux\/wp-json\/wp\/v2\/pages"}],"about":[{"href":"https:\/\/d-cosmetics.com\/dermalux\/wp-json\/wp\/v2\/types\/page"}],"author":[{"embeddable":true,"href":"https:\/\/d-cosmetics.com\/dermalux\/wp-json\/wp\/v2\/users\/1"}],"replies":[{"embeddable":true,"href":"https:\/\/d-cosmetics.com\/dermalux\/wp-json\/wp\/v2\/comments?post=363"}],"version-history":[{"count":2,"href":"https:\/\/d-cosmetics.com\/dermalux\/wp-json\/wp\/v2\/pages\/363\/revisions"}],"predecessor-version":[{"id":606,"href":"https:\/\/d-cosmetics.com\/dermalux\/wp-json\/wp\/v2\/pages\/363\/revisions\/606"}],"wp:attachment":[{"href":"https:\/\/d-cosmetics.com\/dermalux\/wp-json\/wp\/v2\/media?parent=363"}],"curies":[{"name":"wp","href":"https:\/\/api.w.org\/{rel}","templated":true}]}}