{"id":391,"date":"2024-11-29T00:34:14","date_gmt":"2024-11-29T00:34:14","guid":{"rendered":"https:\/\/d-cosmetics.com\/dermalux\/?page_id=391"},"modified":"2025-01-20T15:04:23","modified_gmt":"2025-01-20T14:04:23","slug":"tehnologija","status":"publish","type":"page","link":"https:\/\/d-cosmetics.com\/dermalux\/tehnologija\/","title":{"rendered":"Tehnologija"},"content":{"rendered":"<p>[et_pb_section fb_built=&#8221;1&#8243; fullwidth=&#8221;on&#8221; _builder_version=&#8221;4.27.4&#8243; _module_preset=&#8221;default&#8221; global_colors_info=&#8221;{}&#8221;][et_pb_nextend_smart_slider_3_fullwidth slider=&#8221;14&#8243; _builder_version=&#8221;4.27.4&#8243; _module_preset=&#8221;default&#8221; global_colors_info=&#8221;{}&#8221;][\/et_pb_nextend_smart_slider_3_fullwidth][\/et_pb_section][et_pb_section fb_built=&#8221;1&#8243; _builder_version=&#8221;4.27.4&#8243; _module_preset=&#8221;default&#8221; global_colors_info=&#8221;{}&#8221;][et_pb_row _builder_version=&#8221;4.27.4&#8243; _module_preset=&#8221;default&#8221; global_colors_info=&#8221;{}&#8221;][et_pb_column type=&#8221;4_4&#8243; _builder_version=&#8221;4.27.4&#8243; _module_preset=&#8221;default&#8221; global_colors_info=&#8221;{}&#8221;][et_pb_heading title=&#8221;VO\u0110ENI INOVACIJAMA, MOTIVISANI REZULTATIMA&#8221; _builder_version=&#8221;4.27.4&#8243; _module_preset=&#8221;default&#8221; title_font=&#8221;|||on|||||&#8221; title_text_align=&#8221;center&#8221; global_colors_info=&#8221;{}&#8221;][\/et_pb_heading][et_pb_text _builder_version=&#8221;4.27.4&#8243; _module_preset=&#8221;default&#8221; global_colors_info=&#8221;{}&#8221;]<\/p>\n<p>Kao pioniri u na\u0161oj oblasti, mi se upu\u0161tamo dalje od trenutnog razmi\u0161ljanja kako bismo danas obezbedili buduc\u0301nost tehnologije. Na\u0161e veliko iskustvo i stru\u010dnost u dizajnu proizvoda, razvoju, in\u017eenjeringu i softveru omoguc\u0301avaju nam da pomerimo granice konvencionalne tehnologije u ure\u0111ajima sledec\u0301e generacije koji prevazilaze specifikacije bilo kog drugog sistema LED fototerapije na globalnom tr\u017ei\u0161tu. Nastojimo da u\u010dinimo najbolje jo\u0161 boljim, dok ostajemo verni nau\u010dnim metodama i fokusirani na klijente.<\/p>\n<p>[\/et_pb_text][\/et_pb_column][\/et_pb_row][\/et_pb_section][et_pb_section fb_built=&#8221;1&#8243; _builder_version=&#8221;4.27.4&#8243; _module_preset=&#8221;default&#8221; use_background_color_gradient=&#8221;on&#8221; background_color_gradient_direction=&#8221;45deg&#8221; background_color_gradient_stops=&#8221;#af23af 0%|rgba(28,28,28,0.25) 60%&#8221; global_colors_info=&#8221;{}&#8221;][et_pb_row _builder_version=&#8221;4.27.4&#8243; _module_preset=&#8221;default&#8221; global_colors_info=&#8221;{}&#8221;][et_pb_column type=&#8221;4_4&#8243; _builder_version=&#8221;4.27.4&#8243; _module_preset=&#8221;default&#8221; global_colors_info=&#8221;{}&#8221;][dipl_floating_image _builder_version=&#8221;4.27.4&#8243; _module_preset=&#8221;default&#8221; global_colors_info=&#8221;{}&#8221;][dipl_floating_image_item image=&#8221;https:\/\/d-cosmetics.com\/dermalux\/wp-content\/uploads\/sites\/13\/2024\/11\/The-Range-4-e1733154907744.webp&#8221; floatingimage_effect=&#8221;left-right&#8221; _builder_version=&#8221;4.27.4&#8243; _module_preset=&#8221;default&#8221; global_colors_info=&#8221;{}&#8221;][\/dipl_floating_image_item][\/dipl_floating_image][\/et_pb_column][\/et_pb_row][\/et_pb_section][et_pb_section fb_built=&#8221;1&#8243; _builder_version=&#8221;4.27.4&#8243; _module_preset=&#8221;default&#8221; global_colors_info=&#8221;{}&#8221;][et_pb_row column_structure=&#8221;3_5,2_5&#8243; _builder_version=&#8221;4.27.4&#8243; _dynamic_attributes=&#8221;link_option_url&#8221; _module_preset=&#8221;default&#8221; use_background_color_gradient=&#8221;on&#8221; background_color_gradient_direction=&#8221;90deg&#8221; background_color_gradient_stops=&#8221;#88c4dd 0%|#8b68ee 100%&#8221; max_width=&#8221;1400px&#8221; custom_margin=&#8221;||||false|false&#8221; custom_padding=&#8221;25px|30px|0px|30px|false|false&#8221; link_option_url=&#8221;@ET-DC@eyJkeW5hbWljIjp0cnVlLCJjb250ZW50IjoicG9zdF9saW5rX3VybF9wYWdlIiwic2V0dGluZ3MiOnsicG9zdF9pZCI6IjQ2NyJ9fQ==@&#8221; border_radii=&#8221;on|20px|20px|20px|20px&#8221; box_shadow_style=&#8221;preset3&#8243; locked=&#8221;off&#8221; global_colors_info=&#8221;{}&#8221;][et_pb_column type=&#8221;3_5&#8243; _builder_version=&#8221;4.27.4&#8243; _module_preset=&#8221;default&#8221; global_colors_info=&#8221;{}&#8221;][et_pb_heading title=&#8221;Nije samo LED, to je DERMALUX LED&#8221; _builder_version=&#8221;4.27.4&#8243; _module_preset=&#8221;default&#8221; title_font=&#8221;|||on|||||&#8221; title_text_align=&#8221;left&#8221; title_text_color=&#8221;#FFFFFF&#8221; custom_padding=&#8221;||30px||false|false&#8221; global_colors_info=&#8221;{}&#8221;][\/et_pb_heading][et_pb_text _builder_version=&#8221;4.27.4&#8243; _module_preset=&#8221;default&#8221; text_font=&#8221;||||||||&#8221; text_text_color=&#8221;#FFFFFF&#8221; text_font_size=&#8221;22px&#8221; ul_text_color=&#8221;#FFFFFF&#8221; custom_padding=&#8221;||47px||false|false&#8221; global_colors_info=&#8221;{}&#8221;]<\/p>\n<p>Dermalux je svetlosnim godinama ispred. Vrhunski po dizajnu, na\u0161i ure\u0111aji su jedinstveno razvijeni da pru\u017ee najmoc\u0301nijei najefikasnije fototerapijske tretmane.<\/p>\n<p>Ne koristimo \u201egotove\u201c LED diode kao \u0161to ih koriste konkurentski ure\u0111aji. Nijedan drugi ure\u0111aj na svetu ne koristi Dermalux LED tehnologiju. Nijedan drugi LED ure\u0111aj nije ni blizu.<\/p>\n<p>[\/et_pb_text][\/et_pb_column][et_pb_column type=&#8221;2_5&#8243; _builder_version=&#8221;4.27.4&#8243; _module_preset=&#8221;default&#8221; global_colors_info=&#8221;{}&#8221;][et_pb_image src=&#8221;https:\/\/d-cosmetics.com\/dermalux\/wp-content\/uploads\/sites\/13\/2024\/12\/Tri-Wave-Head.webp&#8221; title_text=&#8221;Tri-Wave-Head&#8221; _builder_version=&#8221;4.27.4&#8243; _module_preset=&#8221;default&#8221; global_colors_info=&#8221;{}&#8221;][\/et_pb_image][\/et_pb_column][\/et_pb_row][\/et_pb_section][et_pb_section fb_built=&#8221;1&#8243; _builder_version=&#8221;4.27.4&#8243; _module_preset=&#8221;default&#8221; global_colors_info=&#8221;{}&#8221;][et_pb_row column_structure=&#8221;1_2,1_2&#8243; _builder_version=&#8221;4.27.4&#8243; _module_preset=&#8221;default&#8221; custom_margin=&#8221;||||false|false&#8221; custom_padding=&#8221;||||false|false&#8221; global_colors_info=&#8221;{}&#8221;][et_pb_column type=&#8221;1_2&#8243; _builder_version=&#8221;4.27.4&#8243; _module_preset=&#8221;default&#8221; custom_padding=&#8221;10%||||false|false&#8221; global_colors_info=&#8221;{}&#8221;][et_pb_heading title=&#8221;PHOTON REACH DELIVERY (PRD)&#8221; _builder_version=&#8221;4.27.4&#8243; _module_preset=&#8221;default&#8221; title_level=&#8221;h2&#8243; global_colors_info=&#8221;{}&#8221;][\/et_pb_heading][et_pb_text _builder_version=&#8221;4.27.4&#8243; _module_preset=&#8221;default&#8221; global_colors_info=&#8221;{}&#8221;]<\/p>\n<p>Optimalna fotonska energija isporu\u010dena na preciznoj talasnoj du\u017eini u ciljani hromofor obezbe\u0111uje maksimalnu aktivaciju c\u0301elije sa dokazanim rezultatima. Na\u0161e LED diode velike snage sa jednom talasnom du\u017einom su konfigurisane da isporu\u010de vi\u0161e fotona u podru\u010dje tretmana nego bilo koji drugi dostupan LED ure\u0111aj.<\/p>\n<p>[\/et_pb_text][\/et_pb_column][et_pb_column type=&#8221;1_2&#8243; _builder_version=&#8221;4.27.4&#8243; _module_preset=&#8221;default&#8221; global_colors_info=&#8221;{}&#8221;][et_pb_image src=&#8221;https:\/\/d-cosmetics.com\/dermalux\/wp-content\/uploads\/sites\/13\/2024\/12\/Compact-Lite-7.webp&#8221; title_text=&#8221;Compact-Lite-7&#8243; _builder_version=&#8221;4.27.4&#8243; _module_preset=&#8221;default&#8221; global_colors_info=&#8221;{}&#8221;][\/et_pb_image][\/et_pb_column][\/et_pb_row][et_pb_row column_structure=&#8221;1_2,1_2&#8243; _builder_version=&#8221;4.27.4&#8243; _module_preset=&#8221;default&#8221; custom_margin=&#8221;||||false|false&#8221; custom_padding=&#8221;||||false|false&#8221; global_colors_info=&#8221;{}&#8221;][et_pb_column type=&#8221;1_2&#8243; _builder_version=&#8221;4.27.4&#8243; _module_preset=&#8221;default&#8221; custom_padding=&#8221;||||false|false&#8221; global_colors_info=&#8221;{}&#8221;][et_pb_heading title=&#8221;PRECIZNE TALASNE DU\u017dINE&#8221; _builder_version=&#8221;4.27.4&#8243; _module_preset=&#8221;default&#8221; title_level=&#8221;h2&#8243; global_colors_info=&#8221;{}&#8221;][\/et_pb_heading][et_pb_text _builder_version=&#8221;4.27.4&#8243; _module_preset=&#8221;default&#8221; global_colors_info=&#8221;{}&#8221;]<\/p>\n<p>Dermalux LED diode su najbolje u klasi. Na\u0161 proces \u201ebiniranja\u201c je usavr\u0161avan tokom mnogo godina do +\/- 2nm maksimalne tolerancije emisije. Ovo osigurava da se ciljana energija isporu\u010duje samo na predvi\u0111enoj talasnoj du\u017eini za optimalnu apsorpciju svetlosti. Mnogi konkurentski LED ure\u0111aji imaju maksimalnu toleranciju emisije koja se krec\u0301e do +\/- 50nm, tako da se mnogo svetlosne energije rasipa.<\/p>\n<p>[\/et_pb_text][\/et_pb_column][et_pb_column type=&#8221;1_2&#8243; _builder_version=&#8221;4.27.4&#8243; _module_preset=&#8221;default&#8221; global_colors_info=&#8221;{}&#8221;][et_pb_image src=&#8221;https:\/\/d-cosmetics.com\/dermalux\/wp-content\/uploads\/sites\/13\/2024\/12\/3-Wavelengths-Illus.webp&#8221; title_text=&#8221;3-Wavelengths-Illus&#8221; _builder_version=&#8221;4.27.4&#8243; _module_preset=&#8221;default&#8221; global_colors_info=&#8221;{}&#8221;][\/et_pb_image][\/et_pb_column][\/et_pb_row][et_pb_row column_structure=&#8221;1_2,1_2&#8243; _builder_version=&#8221;4.27.4&#8243; _module_preset=&#8221;default&#8221; custom_margin=&#8221;||||false|false&#8221; custom_padding=&#8221;||||false|false&#8221; global_colors_info=&#8221;{}&#8221;][et_pb_column type=&#8221;1_2&#8243; _builder_version=&#8221;4.27.4&#8243; _module_preset=&#8221;default&#8221; custom_padding=&#8221;10%||||false|false&#8221; global_colors_info=&#8221;{}&#8221;][et_pb_heading title=&#8221;CONCURRENT MODALITY TRETMANI (CMT)&#8221; _builder_version=&#8221;4.27.4&#8243; _module_preset=&#8221;default&#8221; title_level=&#8221;h2&#8243; global_colors_info=&#8221;{}&#8221;][\/et_pb_heading][et_pb_text _builder_version=&#8221;4.27.4&#8243; _module_preset=&#8221;default&#8221; global_colors_info=&#8221;{}&#8221;]<\/p>\n<p>Dermalux je jedini dostupan LED ure\u0111aj sa moguc\u0301no\u0161c\u0301u isporuke 3 istovremene svetlosne talasne du\u017eine, svaka na optimalnom intenzitetu, uz odr\u017eavanje stabilnog izlaza energije. Talasne du\u017eine se mogu isporu\u010diti kao pojedina\u010dni ili simultani protokoli za ciljanje vi\u0161e hromofora za ve\u0107u efikasnost i kra\u0107e vreme tretmana.<\/p>\n<p>[\/et_pb_text][\/et_pb_column][et_pb_column type=&#8221;1_2&#8243; _builder_version=&#8221;4.27.4&#8243; _module_preset=&#8221;default&#8221; global_colors_info=&#8221;{}&#8221;][et_pb_image src=&#8221;https:\/\/d-cosmetics.com\/dermalux\/wp-content\/uploads\/sites\/13\/2024\/11\/The-Range-4-e1733154907744.webp&#8221; title_text=&#8221;The-Range-5&#8243; _builder_version=&#8221;4.27.4&#8243; _module_preset=&#8221;default&#8221; global_colors_info=&#8221;{}&#8221;][\/et_pb_image][\/et_pb_column][\/et_pb_row][\/et_pb_section][et_pb_section fb_built=&#8221;1&#8243; _builder_version=&#8221;4.27.4&#8243; _module_preset=&#8221;default&#8221; global_colors_info=&#8221;{}&#8221;][et_pb_row column_structure=&#8221;3_5,2_5&#8243; _builder_version=&#8221;4.27.4&#8243; _dynamic_attributes=&#8221;link_option_url&#8221; _module_preset=&#8221;default&#8221; use_background_color_gradient=&#8221;on&#8221; background_color_gradient_direction=&#8221;45deg&#8221; background_color_gradient_stops=&#8221;#774a77 0%|#fca9ef 75%&#8221; max_width=&#8221;1400px&#8221; custom_margin=&#8221;||||false|false&#8221; custom_padding=&#8221;25px|30px|0px|30px|false|false&#8221; link_option_url=&#8221;@ET-DC@eyJkeW5hbWljIjp0cnVlLCJjb250ZW50IjoicG9zdF9saW5rX3VybF9wYWdlIiwic2V0dGluZ3MiOnsicG9zdF9pZCI6IjQ2NyJ9fQ==@&#8221; border_radii=&#8221;on|20px|20px|20px|20px&#8221; box_shadow_style=&#8221;preset3&#8243; locked=&#8221;off&#8221; global_colors_info=&#8221;{}&#8221;][et_pb_column type=&#8221;3_5&#8243; _builder_version=&#8221;4.27.4&#8243; _module_preset=&#8221;default&#8221; global_colors_info=&#8221;{}&#8221;][et_pb_heading title=&#8221;TEHNOLOGIJA CILJANOG SVETLA (TLT)&#8221; _builder_version=&#8221;4.27.4&#8243; _module_preset=&#8221;default&#8221; title_font=&#8221;|||on|||||&#8221; title_text_align=&#8221;left&#8221; title_text_color=&#8221;#FFFFFF&#8221; custom_padding=&#8221;||30px||false|false&#8221; global_colors_info=&#8221;{}&#8221;][\/et_pb_heading][et_pb_text _builder_version=&#8221;4.27.4&#8243; _module_preset=&#8221;default&#8221; text_font=&#8221;|300|||||||&#8221; text_text_color=&#8221;#FFFFFF&#8221; text_font_size=&#8221;22px&#8221; ul_text_color=&#8221;#FFFFFF&#8221; background_layout=&#8221;dark&#8221; custom_padding=&#8221;||0px||false|false&#8221; global_colors_info=&#8221;{}&#8221;]<\/p>\n<p>Patentirana integrisana optika omoguc\u0301ava fokusiranu i koncentrisanu isporuku energije fotona u ciljno podru\u010dje kako bi se eliminisao gubitak svetlosne energije. TLT (Targeted Light Technology) pru\u017ea preciznost sa ciljem optimalne apsorpcije svetlosti i unapre\u0111uje tradicionalne \u0161irokougaone LED diode koje raspr\u0161uju svetlost.<\/p>\n<p>[\/et_pb_text][\/et_pb_column][et_pb_column type=&#8221;2_5&#8243; _builder_version=&#8221;4.27.4&#8243; _module_preset=&#8221;default&#8221; global_colors_info=&#8221;{}&#8221;][et_pb_image src=&#8221;https:\/\/d-cosmetics.com\/dermalux\/wp-content\/uploads\/sites\/13\/2024\/12\/DERMALUX-New-Focused-Light-Diagram-300&#215;180-1.webp&#8221; title_text=&#8221;DERMALUX-New-Focused-Light-Diagram-300&#215;180-1&#8243; _builder_version=&#8221;4.27.4&#8243; _module_preset=&#8221;default&#8221; custom_margin=&#8221;||20px|20px|false|false&#8221; border_radii=&#8221;on|15px|15px|15px|15px&#8221; global_colors_info=&#8221;{}&#8221;][\/et_pb_image][\/et_pb_column][\/et_pb_row][\/et_pb_section][et_pb_section fb_built=&#8221;1&#8243; _builder_version=&#8221;4.27.4&#8243; _module_preset=&#8221;default&#8221; global_colors_info=&#8221;{}&#8221;][et_pb_row column_structure=&#8221;1_2,1_2&#8243; _builder_version=&#8221;4.27.4&#8243; _module_preset=&#8221;default&#8221; custom_margin=&#8221;||||false|false&#8221; custom_padding=&#8221;||||false|false&#8221; global_colors_info=&#8221;{}&#8221;][et_pb_column type=&#8221;1_2&#8243; _builder_version=&#8221;4.27.4&#8243; _module_preset=&#8221;default&#8221; custom_padding=&#8221;||||false|false&#8221; global_colors_info=&#8221;{}&#8221;][et_pb_heading title=&#8221;VRHUNSKE PERFORMANSE&#8221; _builder_version=&#8221;4.27.4&#8243; _module_preset=&#8221;default&#8221; title_level=&#8221;h2&#8243; global_colors_info=&#8221;{}&#8221;][\/et_pb_heading][et_pb_text _builder_version=&#8221;4.27.4&#8243; _module_preset=&#8221;default&#8221; global_colors_info=&#8221;{}&#8221;]<\/p>\n<p>U pore\u0111enju sa konkurentskim ure\u0111ajima, Dermalux LED isporu\u010duju fokusiranu energiju sa vec\u0301im vr\u0161nim intenzitetom i uskim talasnim oblikom. Ova preciznost ciljano obezbe\u0111uje da se vi\u0161e fotona isporu\u010duje u sekundi na predvi\u0111enoj talasnoj du\u017eini za bolje i br\u017ee klini\u010dke rezultate.<\/p>\n<p>Standardne LED diode imaju \u0161iri talasni oblik sa ni\u017eim vr\u0161nim intenzitetom. Dok energija koja se isporu\u010duje mo\u017ee biti sli\u010dna Dermalux LED diodama, c\u0301elije ne mogu da apsorbuju ovo svetlo tako efikasno, a rasipanje fotona mo\u017ee dovesti do ve\u0107eg zagrevanja ko\u017ee.<\/p>\n<p>[\/et_pb_text][\/et_pb_column][et_pb_column type=&#8221;1_2&#8243; _builder_version=&#8221;4.27.4&#8243; _module_preset=&#8221;default&#8221; global_colors_info=&#8221;{}&#8221;][et_pb_image src=&#8221;https:\/\/d-cosmetics.com\/dermalux\/wp-content\/uploads\/sites\/13\/2024\/12\/Flex1.webp&#8221; title_text=&#8221;Flex1&#8243; _builder_version=&#8221;4.27.4&#8243; _module_preset=&#8221;default&#8221; global_colors_info=&#8221;{}&#8221;][\/et_pb_image][\/et_pb_column][\/et_pb_row][et_pb_row column_structure=&#8221;1_2,1_2&#8243; _builder_version=&#8221;4.27.4&#8243; _module_preset=&#8221;default&#8221; custom_margin=&#8221;||||false|false&#8221; custom_padding=&#8221;||||false|false&#8221; global_colors_info=&#8221;{}&#8221;][et_pb_column type=&#8221;1_2&#8243; _builder_version=&#8221;4.27.4&#8243; _module_preset=&#8221;default&#8221; custom_padding=&#8221;||||false|false&#8221; global_colors_info=&#8221;{}&#8221;][et_pb_heading title=&#8221;IZUZETNA EFIKASNOST&#8221; _builder_version=&#8221;4.27.4&#8243; _module_preset=&#8221;default&#8221; title_level=&#8221;h2&#8243; global_colors_info=&#8221;{}&#8221;][\/et_pb_heading][et_pb_text _builder_version=&#8221;4.27.4&#8243; _module_preset=&#8221;default&#8221; global_colors_info=&#8221;{}&#8221;]<\/p>\n<p>Upravljanje toplotom je klju\u010dno za odr\u017eavanje ujedna\u010dene opti\u010dke snage tokom tretmana. Dermalux LED diode su izuzetno efikasne koristec\u0301i jedinstvenu tehnologiju upravljanja toplotom za regulaciju LED temperature za intenzivniji energetski tretman. Konkurentski ure\u0111aji na tr\u017ei\u0161tu, bez ove patentirane tehnologije postaju sve topliji tokom trajanja tretmana. Povec\u0301ana toplota rezultira smanjenom opti\u010dkom snagom i smanjenim rezultatima.<\/p>\n<p>[\/et_pb_text][\/et_pb_column][et_pb_column type=&#8221;1_2&#8243; _builder_version=&#8221;4.27.4&#8243; _module_preset=&#8221;default&#8221; global_colors_info=&#8221;{}&#8221;][et_pb_image src=&#8221;https:\/\/d-cosmetics.com\/dermalux\/wp-content\/uploads\/sites\/13\/2024\/12\/Exceptional-Efficiency-Illustration.webp&#8221; title_text=&#8221;Exceptional-Efficiency-Illustration&#8221; _builder_version=&#8221;4.27.4&#8243; _module_preset=&#8221;default&#8221; global_colors_info=&#8221;{}&#8221;][\/et_pb_image][\/et_pb_column][\/et_pb_row][\/et_pb_section][et_pb_section fb_built=&#8221;1&#8243; _builder_version=&#8221;4.27.4&#8243; _module_preset=&#8221;default&#8221; global_colors_info=&#8221;{}&#8221;][et_pb_row column_structure=&#8221;3_5,2_5&#8243; _builder_version=&#8221;4.27.4&#8243; _dynamic_attributes=&#8221;link_option_url&#8221; _module_preset=&#8221;default&#8221; use_background_color_gradient=&#8221;on&#8221; background_color_gradient_direction=&#8221;45deg&#8221; background_color_gradient_stops=&#8221;#774a77 0%|#fca9ef 75%&#8221; max_width=&#8221;1400px&#8221; custom_margin=&#8221;||||false|false&#8221; custom_padding=&#8221;25px|30px|0px|30px|false|false&#8221; link_option_url=&#8221;@ET-DC@eyJkeW5hbWljIjp0cnVlLCJjb250ZW50IjoicG9zdF9saW5rX3VybF9wYWdlIiwic2V0dGluZ3MiOnsicG9zdF9pZCI6IjQ2NyJ9fQ==@&#8221; border_radii=&#8221;on|20px|20px|20px|20px&#8221; box_shadow_style=&#8221;preset3&#8243; locked=&#8221;off&#8221; global_colors_info=&#8221;{}&#8221;][et_pb_column type=&#8221;3_5&#8243; _builder_version=&#8221;4.27.4&#8243; _module_preset=&#8221;default&#8221; global_colors_info=&#8221;{}&#8221;][et_pb_heading title=&#8221;UNIFORMNA ISPORUKA FOTONA&#8221; _builder_version=&#8221;4.27.4&#8243; _module_preset=&#8221;default&#8221; title_font=&#8221;|||on|||||&#8221; title_text_align=&#8221;left&#8221; title_text_color=&#8221;#FFFFFF&#8221; custom_padding=&#8221;||30px||false|false&#8221; global_colors_info=&#8221;{}&#8221;][\/et_pb_heading][et_pb_text _builder_version=&#8221;4.27.4&#8243; _module_preset=&#8221;default&#8221; text_font=&#8221;|300|||||||&#8221; text_text_color=&#8221;#FFFFFF&#8221; text_font_size=&#8221;22px&#8221; ul_text_color=&#8221;#FFFFFF&#8221; background_layout=&#8221;dark&#8221; custom_padding=&#8221;||0px||false|false&#8221; global_colors_info=&#8221;{}&#8221;]<\/p>\n<p>Isporuka fotona u takozvanom &#8220;Dermalux tepih&#8221; re\u017eimu je dizajnirana da se koristi na minimalnoj udaljenosti od 25 mm kako bi pru\u017eili opti\u010dku uniformnost svetlosti i ravnomernu distribuciju fotona. Ure\u0111aji male snage treba da se isporu\u010duju u neposrednoj blizini ko\u017ee \u0161to mo\u017ee izazvati neujedna\u010den efekat.<\/p>\n<p>[\/et_pb_text][\/et_pb_column][et_pb_column type=&#8221;2_5&#8243; _builder_version=&#8221;4.27.4&#8243; _module_preset=&#8221;default&#8221; global_colors_info=&#8221;{}&#8221;][et_pb_image src=&#8221;https:\/\/d-cosmetics.com\/dermalux\/wp-content\/uploads\/sites\/13\/2024\/12\/Dermalux-Light-Delivery.webp&#8221; title_text=&#8221;Dermalux-Light-Delivery&#8221; _builder_version=&#8221;4.27.4&#8243; _module_preset=&#8221;default&#8221; custom_margin=&#8221;||20px|20px|false|false&#8221; border_radii=&#8221;on|15px|15px|15px|15px&#8221; global_colors_info=&#8221;{}&#8221;][\/et_pb_image][\/et_pb_column][\/et_pb_row][\/et_pb_section]<\/p>\n","protected":false},"excerpt":{"rendered":"<p>Kao pioniri u na\u0161oj oblasti, mi se upu\u0161tamo dalje od trenutnog razmi\u0161ljanja kako bismo danas obezbedili buduc\u0301nost tehnologije. Na\u0161e veliko iskustvo i stru\u010dnost u dizajnu proizvoda, razvoju, in\u017eenjeringu i softveru [&hellip;]<\/p>\n","protected":false},"author":1,"featured_media":0,"parent":0,"menu_order":0,"comment_status":"closed","ping_status":"closed","template":"","meta":{"_seopress_robots_primary_cat":"","_seopress_titles_title":"","_seopress_titles_desc":"","_seopress_robots_index":"","_et_pb_use_builder":"on","_et_pb_old_content":"","_et_gb_content_width":"","inline_featured_image":false,"footnotes":""},"class_list":["post-391","page","type-page","status-publish","hentry"],"_links":{"self":[{"href":"https:\/\/d-cosmetics.com\/dermalux\/wp-json\/wp\/v2\/pages\/391","targetHints":{"allow":["GET"]}}],"collection":[{"href":"https:\/\/d-cosmetics.com\/dermalux\/wp-json\/wp\/v2\/pages"}],"about":[{"href":"https:\/\/d-cosmetics.com\/dermalux\/wp-json\/wp\/v2\/types\/page"}],"author":[{"embeddable":true,"href":"https:\/\/d-cosmetics.com\/dermalux\/wp-json\/wp\/v2\/users\/1"}],"replies":[{"embeddable":true,"href":"https:\/\/d-cosmetics.com\/dermalux\/wp-json\/wp\/v2\/comments?post=391"}],"version-history":[{"count":1,"href":"https:\/\/d-cosmetics.com\/dermalux\/wp-json\/wp\/v2\/pages\/391\/revisions"}],"predecessor-version":[{"id":615,"href":"https:\/\/d-cosmetics.com\/dermalux\/wp-json\/wp\/v2\/pages\/391\/revisions\/615"}],"wp:attachment":[{"href":"https:\/\/d-cosmetics.com\/dermalux\/wp-json\/wp\/v2\/media?parent=391"}],"curies":[{"name":"wp","href":"https:\/\/api.w.org\/{rel}","templated":true}]}}