{"id":517,"date":"2024-12-02T13:41:16","date_gmt":"2024-12-02T13:41:16","guid":{"rendered":"https:\/\/d-cosmetics.com\/dermalux\/?page_id=517"},"modified":"2025-01-20T15:04:00","modified_gmt":"2025-01-20T14:04:00","slug":"ledfototerapija","status":"publish","type":"page","link":"https:\/\/d-cosmetics.com\/dermalux\/ledfototerapija\/","title":{"rendered":"\u0160ta je LED fototerapija?"},"content":{"rendered":"<p>[et_pb_section fb_built=&#8221;1&#8243; fullwidth=&#8221;on&#8221; _builder_version=&#8221;4.27.4&#8243; _module_preset=&#8221;default&#8221; global_colors_info=&#8221;{}&#8221;][et_pb_nextend_smart_slider_3_fullwidth slider=&#8221;13&#8243; _builder_version=&#8221;4.27.4&#8243; _module_preset=&#8221;default&#8221; global_colors_info=&#8221;{}&#8221;][\/et_pb_nextend_smart_slider_3_fullwidth][\/et_pb_section][et_pb_section fb_built=&#8221;1&#8243; _builder_version=&#8221;4.27.4&#8243; _module_preset=&#8221;default&#8221; global_colors_info=&#8221;{}&#8221;][et_pb_row column_structure=&#8221;1_2,1_2&#8243; _builder_version=&#8221;4.27.4&#8243; _module_preset=&#8221;default&#8221; global_colors_info=&#8221;{}&#8221;][et_pb_column type=&#8221;1_2&#8243; _builder_version=&#8221;4.27.4&#8243; _module_preset=&#8221;default&#8221; global_colors_info=&#8221;{}&#8221;][et_pb_heading title=&#8221;Otkrijte prednosti LED fototerapije&#8221; _builder_version=&#8221;4.27.4&#8243; _module_preset=&#8221;default&#8221; global_colors_info=&#8221;{}&#8221;][\/et_pb_heading][et_pb_text _builder_version=&#8221;4.27.4&#8243; _module_preset=&#8221;default&#8221; global_colors_info=&#8221;{}&#8221;]<\/p>\n<p>LED fototerapija je neinvazivni tretman koji koristi diode koje emituju svetlost (LED) za stimulisanje c\u0301elijske aktivnosti i podmla\u0111ivanje ko\u017ee. Razli\u010dite talasne du\u017eine svetlosti, obi\u010dno crvene, plave i bliske infracrvene, koriste se za ciljanje specifi\u010dnih problema sa ko\u017eom.<\/p>\n<ul>\n<li><strong>Crveno svetlo<\/strong> stimuli\u0161e proizvodnju kolagena, smanjuje upalu i promovi\u0161e op\u0161te zdravlje ko\u017ee.<\/li>\n<li><strong>Plavo svetlo<\/strong> je efikasno u le\u010denju akni tako \u0161to cilja na bakterije odgovorne za izbijanje.<\/li>\n<li><strong>Blisko infracrveno svetlo<\/strong> prodire dublje u ko\u017eu, podsti\u010duc\u0301i zarastanje i regeneraciju c\u0301elija.<\/li>\n<\/ul>\n<p>LED fototerapija je poznata po svojoj bezbednosti, minimalnim ne\u017eeljenim efektima i svestranosti u re\u0161avanju razli\u010ditih stanja ko\u017ee. Obi\u010dno se koristi u kozmetologiji i dermatologiji zbog svoje sposobnosti da pobolj\u0161a izgled ko\u017ee, smanji fine linije i bore i le\u010di stanja kao \u0161to su akne i hiperpigmentacija.<\/p>\n<p>[\/et_pb_text][\/et_pb_column][et_pb_column type=&#8221;1_2&#8243; _builder_version=&#8221;4.27.4&#8243; _module_preset=&#8221;default&#8221; global_colors_info=&#8221;{}&#8221;][dipl_floating_image floating_container_height=&#8221;520px&#8221; _builder_version=&#8221;4.27.4&#8243; _module_preset=&#8221;default&#8221; scroll_vertical_motion_enable=&#8221;on&#8221; global_colors_info=&#8221;{}&#8221;][dipl_floating_image_item image=&#8221;https:\/\/d-cosmetics.com\/dermalux\/wp-content\/uploads\/sites\/13\/2024\/12\/Flex3.webp&#8221; _builder_version=&#8221;4.27.4&#8243; _module_preset=&#8221;default&#8221; global_colors_info=&#8221;{}&#8221;][\/dipl_floating_image_item][\/dipl_floating_image][\/et_pb_column][\/et_pb_row][\/et_pb_section][et_pb_section fb_built=&#8221;1&#8243; _builder_version=&#8221;4.27.4&#8243; _module_preset=&#8221;default&#8221; background_enable_image=&#8221;off&#8221; global_colors_info=&#8221;{}&#8221;][et_pb_row _builder_version=&#8221;4.27.4&#8243; _module_preset=&#8221;default&#8221; global_colors_info=&#8221;{}&#8221;][et_pb_column type=&#8221;4_4&#8243; _builder_version=&#8221;4.27.4&#8243; _module_preset=&#8221;default&#8221; global_colors_info=&#8221;{}&#8221;][et_pb_heading title=&#8221;LED fototerapija pru\u017ea razli\u010dite prednosti za ko\u017eu, \u0161to je \u010dini popularnim i svestranim tretmanom u dermatologiji i nezi ko\u017ee.&#8221; _builder_version=&#8221;4.27.4&#8243; _module_preset=&#8221;default&#8221; title_level=&#8221;h2&#8243; title_font=&#8221;|||on|||||&#8221; title_text_align=&#8221;center&#8221; title_text_color=&#8221;#000000&#8243; global_colors_info=&#8221;{}&#8221;][\/et_pb_heading][et_pb_heading title=&#8221;Pozitivni efekti na ko\u017eu:&#8221; _builder_version=&#8221;4.27.4&#8243; _module_preset=&#8221;default&#8221; title_level=&#8221;h3&#8243; title_text_align=&#8221;center&#8221; global_colors_info=&#8221;{}&#8221;][\/et_pb_heading][et_pb_accordion toggle_icon=&#8221;&#x3f;||divi||400&#8243; _builder_version=&#8221;4.27.4&#8243; _module_preset=&#8221;default&#8221; toggle_level=&#8221;h4&#8243; toggle_font=&#8221;|600||on|||||&#8221; closed_toggle_font=&#8221;|300||on|||||&#8221; background_enable_image=&#8221;off&#8221; border_radii=&#8221;on|8px|8px|8px|8px&#8221; global_colors_info=&#8221;{}&#8221;][et_pb_accordion_item title=&#8221;Stimuli\u0161e proizvodnju kolagena&#8221; open=&#8221;on&#8221; _builder_version=&#8221;4.27.4&#8243; _module_preset=&#8221;default&#8221; global_colors_info=&#8221;{}&#8221;]<\/p>\n<p>Crveno LED svetlo stimuli\u0161e proizvodnju kolagena, klju\u010dnog proteina koji doprinosi elasti\u010dnosti i \u010dvrstoc\u0301i ko\u017ee. Ovo mo\u017ee pomoc\u0301i u smanjenju pojave finih linija i bora.<\/p>\n<p>[\/et_pb_accordion_item][et_pb_accordion_item title=&#8221;Smanjuje upale&#8221; _builder_version=&#8221;4.27.4&#8243; _module_preset=&#8221;default&#8221; global_colors_info=&#8221;{}&#8221; open=&#8221;off&#8221;]<\/p>\n<p>I crvena i bliska infracrvena LED svetlost imaju antiinflamatorna svojstva, \u0161to ih \u010dini efikasnim u smirivanju i umirivanju nadra\u017eene ko\u017ee. Ovo je posebno korisno za osobe sa inflamatornim stanjima ko\u017ee kao \u0161to su rozacea ili crvenilo.<\/p>\n<p>[\/et_pb_accordion_item][et_pb_accordion_item title=&#8221;Pobolj\u0161ava isceljenje&#8221; _builder_version=&#8221;4.27.4&#8243; _module_preset=&#8221;default&#8221; global_colors_info=&#8221;{}&#8221; open=&#8221;off&#8221;]<\/p>\n<p>Blisko infracrveno LED svetlo prodire dublje u ko\u017eu, podsti\u010duc\u0301i br\u017ee zarastanje i c\u0301elijsku regeneraciju. Mo\u017ee biti od pomoc\u0301i u smanjenju vremena oporavka nakon odre\u0111enih tretmana ko\u017ee ili procedura.<\/p>\n<p>[\/et_pb_accordion_item][et_pb_accordion_item title=&#8221;Cilja akne&#8221; _builder_version=&#8221;4.27.4&#8243; _module_preset=&#8221;default&#8221; global_colors_info=&#8221;{}&#8221; open=&#8221;off&#8221;]<\/p>\n<p>Plavo LED svetlo ima antibakterijska svojstva koja mogu pomoc\u0301i u ubijanju bakterija povezanih sa aknama. To je neinvazivan na\u010din za upravljanje i pobolj\u0161anje ko\u017ee sklone aknama.<\/p>\n<p>[\/et_pb_accordion_item][et_pb_accordion_item title=&#8221;Pobolj\u0161ava tonus ko\u017ee i teksturu&#8221; _builder_version=&#8221;4.27.4&#8243; _module_preset=&#8221;default&#8221; global_colors_info=&#8221;{}&#8221; open=&#8221;off&#8221;]<\/p>\n<p>LED fototerapija mo\u017ee doprineti ujedna\u010denijem tonu ko\u017ee smanjenjem hiperpigmentacije i promovisanjem glatkije teksture.<\/p>\n<p>[\/et_pb_accordion_item][et_pb_accordion_item title=&#8221;Poja\u010dava cirkulaciju&#8221; _builder_version=&#8221;4.27.4&#8243; _module_preset=&#8221;default&#8221; global_colors_info=&#8221;{}&#8221; open=&#8221;off&#8221;]<\/p>\n<p>Svetlosna energija LED dioda pobolj\u0161ava cirkulaciju krvi, \u0161to mo\u017ee doprineti zdravijoj ko\u017ei obezbe\u0111ivanjem boljeg snabdevanja c\u0301elijama ko\u017ee kiseonikom i hranljivim materijama.<\/p>\n<p>[\/et_pb_accordion_item][et_pb_accordion_item title=&#8221;Smanjuje veli\u010dinu pora&#8221; _builder_version=&#8221;4.27.4&#8243; _module_preset=&#8221;default&#8221; global_colors_info=&#8221;{}&#8221; open=&#8221;off&#8221;]<\/p>\n<p>Sveukupno pobolj\u0161anje zdravlja ko\u017ee i proizvodnje kolagena mo\u017ee doprineti smanjenju veli\u010dine pora, dajuc\u0301i ko\u017ei glatkiji izgled.<\/p>\n<p>[\/et_pb_accordion_item][et_pb_accordion_item title=&#8221;Pru\u017ea ne-invazivan pristup&#8221; _builder_version=&#8221;4.27.4&#8243; _module_preset=&#8221;default&#8221; global_colors_info=&#8221;{}&#8221; open=&#8221;off&#8221;]<\/p>\n<p>LED fototerapija je neinvazivan tretman sa minimalnim ne\u017eeljenim efektima, \u0161to ga \u010dini pogodnim za razli\u010dite tipove ko\u017ee i stanja. To je ne\u017ena, ali efikasna opcija za one koji tra\u017ee podmla\u0111ivanje ko\u017ee bez zastoja.<\/p>\n<p>Va\u017eno je napomenuti da pojedina\u010dni rezultati mogu da variraju, a efikasnost LED fototerapije mo\u017ee zavisiti od faktora kao \u0161to su specifi\u010dne talasne du\u017eine koje se koriste, trajanje tretmana i konzistentnost. Konsultacije sa profesionalcem za negu ko\u017ee mogu pomoc\u0301i u odre\u0111ivanju najprikladnijeg pristupa na osnovu individualnih briga i ciljeva ko\u017ee.<\/p>\n<p>[\/et_pb_accordion_item][\/et_pb_accordion][\/et_pb_column][\/et_pb_row][\/et_pb_section][et_pb_section fb_built=&#8221;1&#8243; _builder_version=&#8221;4.27.4&#8243; _module_preset=&#8221;default&#8221; global_colors_info=&#8221;{}&#8221;][et_pb_row _builder_version=&#8221;4.27.4&#8243; _dynamic_attributes=&#8221;link_option_url&#8221; _module_preset=&#8221;default&#8221; use_background_color_gradient=&#8221;on&#8221; background_color_gradient_direction=&#8221;90deg&#8221; background_color_gradient_stops=&#8221;#88c4dd 0%|#8b68ee 100%&#8221; max_width=&#8221;1400px&#8221; custom_margin=&#8221;||||false|false&#8221; custom_padding=&#8221;25px|30px|0px|30px|false|false&#8221; link_option_url=&#8221;@ET-DC@eyJkeW5hbWljIjp0cnVlLCJjb250ZW50IjoicG9zdF9saW5rX3VybF9wYWdlIiwic2V0dGluZ3MiOnsicG9zdF9pZCI6IjQ2NyJ9fQ==@&#8221; border_radii=&#8221;on|20px|20px|20px|20px&#8221; box_shadow_style=&#8221;preset3&#8243; locked=&#8221;off&#8221; global_colors_info=&#8221;{}&#8221;][et_pb_column type=&#8221;4_4&#8243; _builder_version=&#8221;4.27.4&#8243; _module_preset=&#8221;default&#8221; global_colors_info=&#8221;{}&#8221;][et_pb_heading title=&#8221;Nije samo LED, to je DERMALUX LED&#8221; _builder_version=&#8221;4.27.4&#8243; _module_preset=&#8221;default&#8221; title_level=&#8221;h2&#8243; title_font=&#8221;|||on|||||&#8221; title_text_align=&#8221;center&#8221; title_text_color=&#8221;#FFFFFF&#8221; title_font_size=&#8221;45px&#8221; custom_padding=&#8221;||30px||false|false&#8221; global_colors_info=&#8221;{}&#8221;][\/et_pb_heading][et_pb_text _builder_version=&#8221;4.27.4&#8243; _module_preset=&#8221;default&#8221; text_font=&#8221;||||||||&#8221; text_text_color=&#8221;#FFFFFF&#8221; text_font_size=&#8221;22px&#8221; ul_text_color=&#8221;#FFFFFF&#8221; custom_padding=&#8221;||10px||false|false&#8221; global_colors_info=&#8221;{}&#8221;]<\/p>\n<p style=\"text-align: center;\">Saznajte kako Dermalux mo\u017ee napraviti razliku u Va\u0161em poslu.<\/p>\n<p>[\/et_pb_text][et_pb_divider show_divider=&#8221;off&#8221; _builder_version=&#8221;4.27.4&#8243; _module_preset=&#8221;default&#8221; global_colors_info=&#8221;{}&#8221;][\/et_pb_divider][\/et_pb_column][\/et_pb_row][\/et_pb_section]<\/p>\n","protected":false},"excerpt":{"rendered":"<p>LED fototerapija je neinvazivni tretman koji koristi diode koje emituju svetlost (LED) za stimulisanje c\u0301elijske aktivnosti i podmla\u0111ivanje ko\u017ee. Razli\u010dite talasne du\u017eine svetlosti, obi\u010dno crvene, plave i bliske infracrvene, koriste [&hellip;]<\/p>\n","protected":false},"author":1,"featured_media":0,"parent":0,"menu_order":0,"comment_status":"closed","ping_status":"closed","template":"","meta":{"_seopress_robots_primary_cat":"","_seopress_titles_title":"","_seopress_titles_desc":"","_seopress_robots_index":"","_et_pb_use_builder":"on","_et_pb_old_content":"","_et_gb_content_width":"","inline_featured_image":false,"footnotes":""},"class_list":["post-517","page","type-page","status-publish","hentry"],"_links":{"self":[{"href":"https:\/\/d-cosmetics.com\/dermalux\/wp-json\/wp\/v2\/pages\/517","targetHints":{"allow":["GET"]}}],"collection":[{"href":"https:\/\/d-cosmetics.com\/dermalux\/wp-json\/wp\/v2\/pages"}],"about":[{"href":"https:\/\/d-cosmetics.com\/dermalux\/wp-json\/wp\/v2\/types\/page"}],"author":[{"embeddable":true,"href":"https:\/\/d-cosmetics.com\/dermalux\/wp-json\/wp\/v2\/users\/1"}],"replies":[{"embeddable":true,"href":"https:\/\/d-cosmetics.com\/dermalux\/wp-json\/wp\/v2\/comments?post=517"}],"version-history":[{"count":1,"href":"https:\/\/d-cosmetics.com\/dermalux\/wp-json\/wp\/v2\/pages\/517\/revisions"}],"predecessor-version":[{"id":601,"href":"https:\/\/d-cosmetics.com\/dermalux\/wp-json\/wp\/v2\/pages\/517\/revisions\/601"}],"wp:attachment":[{"href":"https:\/\/d-cosmetics.com\/dermalux\/wp-json\/wp\/v2\/media?parent=517"}],"curies":[{"name":"wp","href":"https:\/\/api.w.org\/{rel}","templated":true}]}}