{"id":1063,"date":"2024-12-17T00:01:30","date_gmt":"2024-12-16T23:01:30","guid":{"rendered":"https:\/\/d-cosmetics.com\/ericsonlaboratoire\/product\/slim-fit-body-hidrantna-emulzija\/"},"modified":"2025-01-15T14:45:21","modified_gmt":"2025-01-15T13:45:21","slug":"e270","status":"publish","type":"product","link":"https:\/\/d-cosmetics.com\/ericsonlaboratoire\/product\/e270\/","title":{"rendered":"SLIM &amp; FIT BODY Hidrantna emulzija"},"content":{"rendered":"<p>[et_pb_section fb_built=&#8220;1&#8243; _builder_version=&#8220;4.27.4&#8243; _module_preset=&#8220;default&#8220; global_colors_info=&#8220;{}&#8220;][\/et_pb_section]<\/p>\n","protected":false},"excerpt":{"rendered":"<p>Hidrantna emulzija za telo<\/p>\n","protected":false},"featured_media":1088,"comment_status":"closed","ping_status":"closed","template":"","meta":{"_seopress_robots_primary_cat":"","_seopress_titles_title":"","_seopress_titles_desc":"","_seopress_robots_index":"","_et_pb_use_builder":"on","_et_pb_old_content":"<ul>\r\n \t<li>Osve\u017eavaju\u0107a, brzoupijaju\u0107a, nelepljiva tekstura<\/li>\r\n \t<li>Formula bogata hidratantnim, umirujuc\u0301im i za\u0161titnim aktivnim sastojcima<\/li>\r\n \t<li>Pru\u017ea ose\u0107aj produ\u017eene hidratacije i spre\u010dava gubitak vode<\/li>\r\n<\/ul>","_et_gb_content_width":"","inline_featured_image":false},"product_brand":[],"product_cat":[39],"product_tag":[103,166],"class_list":{"0":"post-1063","1":"product","2":"type-product","3":"status-publish","4":"has-post-thumbnail","6":"product_cat-tretmani-tela","7":"product_tag-kucna-nega","8":"product_tag-mrsavljenje","10":"first","11":"instock","12":"taxable","13":"shipping-taxable","14":"product-type-simple"},"_links":{"self":[{"href":"https:\/\/d-cosmetics.com\/ericsonlaboratoire\/wp-json\/wp\/v2\/product\/1063","targetHints":{"allow":["GET"]}}],"collection":[{"href":"https:\/\/d-cosmetics.com\/ericsonlaboratoire\/wp-json\/wp\/v2\/product"}],"about":[{"href":"https:\/\/d-cosmetics.com\/ericsonlaboratoire\/wp-json\/wp\/v2\/types\/product"}],"replies":[{"embeddable":true,"href":"https:\/\/d-cosmetics.com\/ericsonlaboratoire\/wp-json\/wp\/v2\/comments?post=1063"}],"wp:featuredmedia":[{"embeddable":true,"href":"https:\/\/d-cosmetics.com\/ericsonlaboratoire\/wp-json\/wp\/v2\/media\/1088"}],"wp:attachment":[{"href":"https:\/\/d-cosmetics.com\/ericsonlaboratoire\/wp-json\/wp\/v2\/media?parent=1063"}],"wp:term":[{"taxonomy":"product_brand","embeddable":true,"href":"https:\/\/d-cosmetics.com\/ericsonlaboratoire\/wp-json\/wp\/v2\/product_brand?post=1063"},{"taxonomy":"product_cat","embeddable":true,"href":"https:\/\/d-cosmetics.com\/ericsonlaboratoire\/wp-json\/wp\/v2\/product_cat?post=1063"},{"taxonomy":"product_tag","embeddable":true,"href":"https:\/\/d-cosmetics.com\/ericsonlaboratoire\/wp-json\/wp\/v2\/product_tag?post=1063"}],"curies":[{"name":"wp","href":"https:\/\/api.w.org\/{rel}","templated":true}]}}