{"id":1074,"date":"2024-12-17T00:01:38","date_gmt":"2024-12-16T23:01:38","guid":{"rendered":"https:\/\/d-cosmetics.com\/ericsonlaboratoire\/product\/slim-fit-body-dnevna-krema-za-ruke\/"},"modified":"2025-01-13T15:10:23","modified_gmt":"2025-01-13T14:10:23","slug":"e282","status":"publish","type":"product","link":"https:\/\/d-cosmetics.com\/ericsonlaboratoire\/product\/e282\/","title":{"rendered":"SLIM &amp; FIT BODY Dnevna krema za ruke"},"content":{"rendered":"<p>[et_pb_section fb_built=&#8220;1&#8243; _builder_version=&#8220;4.27.4&#8243; _module_preset=&#8220;default&#8220; global_colors_info=&#8220;{}&#8220;][\/et_pb_section]<\/p>\n","protected":false},"excerpt":{"rendered":"<p>Hranljiva krema za negu ruku<\/p>\n","protected":false},"featured_media":1075,"comment_status":"closed","ping_status":"closed","template":"","meta":{"_seopress_robots_primary_cat":"","_seopress_titles_title":"","_seopress_titles_desc":"","_seopress_robots_index":"","_et_pb_use_builder":"on","_et_pb_old_content":"<ul>\r\n \t<li>Hranjiva, brzoupijaju\u0107a krema za negu ruku<\/li>\r\n \t<li>Pobolj\u0161ava \u010dvrstoc\u0301u i elasti\u010dnost ko\u017ee<\/li>\r\n \t<li>Obnavlja hidrolipidni sloj, regeneri\u0161e o\u0161te\u0107enu ko\u017eu<\/li>\r\n<\/ul>","_et_gb_content_width":"","inline_featured_image":false},"product_brand":[],"product_cat":[39],"product_tag":[103,168],"class_list":{"0":"post-1074","1":"product","2":"type-product","3":"status-publish","4":"has-post-thumbnail","6":"product_cat-tretmani-tela","7":"product_tag-kucna-nega","8":"product_tag-ruke-i-stopala","10":"first","11":"instock","12":"taxable","13":"shipping-taxable","14":"product-type-simple"},"_links":{"self":[{"href":"https:\/\/d-cosmetics.com\/ericsonlaboratoire\/wp-json\/wp\/v2\/product\/1074","targetHints":{"allow":["GET"]}}],"collection":[{"href":"https:\/\/d-cosmetics.com\/ericsonlaboratoire\/wp-json\/wp\/v2\/product"}],"about":[{"href":"https:\/\/d-cosmetics.com\/ericsonlaboratoire\/wp-json\/wp\/v2\/types\/product"}],"replies":[{"embeddable":true,"href":"https:\/\/d-cosmetics.com\/ericsonlaboratoire\/wp-json\/wp\/v2\/comments?post=1074"}],"wp:featuredmedia":[{"embeddable":true,"href":"https:\/\/d-cosmetics.com\/ericsonlaboratoire\/wp-json\/wp\/v2\/media\/1075"}],"wp:attachment":[{"href":"https:\/\/d-cosmetics.com\/ericsonlaboratoire\/wp-json\/wp\/v2\/media?parent=1074"}],"wp:term":[{"taxonomy":"product_brand","embeddable":true,"href":"https:\/\/d-cosmetics.com\/ericsonlaboratoire\/wp-json\/wp\/v2\/product_brand?post=1074"},{"taxonomy":"product_cat","embeddable":true,"href":"https:\/\/d-cosmetics.com\/ericsonlaboratoire\/wp-json\/wp\/v2\/product_cat?post=1074"},{"taxonomy":"product_tag","embeddable":true,"href":"https:\/\/d-cosmetics.com\/ericsonlaboratoire\/wp-json\/wp\/v2\/product_tag?post=1074"}],"curies":[{"name":"wp","href":"https:\/\/api.w.org\/{rel}","templated":true}]}}