{"id":1223,"date":"2025-09-29T00:11:02","date_gmt":"2025-09-28T22:11:02","guid":{"rendered":"https:\/\/d-cosmetics.com\/ericsonlaboratoire\/?post_type=product&#038;p=1223"},"modified":"2025-09-29T00:17:47","modified_gmt":"2025-09-28T22:17:47","slug":"dvofazni-umirujuci-serum","status":"publish","type":"product","link":"https:\/\/d-cosmetics.com\/ericsonlaboratoire\/product\/dvofazni-umirujuci-serum\/","title":{"rendered":"DVOFAZNI UMIRUJU\u0106I SERUM"},"content":{"rendered":"<p>[et_pb_section fb_built=&#8220;1&#8243; _builder_version=&#8220;4.27.4&#8243; _module_preset=&#8220;default&#8220; global_colors_info=&#8220;{}&#8220;][\/et_pb_section]<\/p>\n","protected":false},"excerpt":{"rendered":"<p>Dvofazni umiruju\u0107i serum za osetljivu ko\u017eu.<\/p>\n","protected":false},"featured_media":1224,"comment_status":"closed","ping_status":"closed","template":"","meta":{"_seopress_robots_primary_cat":"none","_seopress_titles_title":"","_seopress_titles_desc":"","_seopress_robots_index":"","_et_pb_use_builder":"on","_et_pb_old_content":"Dvofazni umiruju\u0107i serum, obogac\u0301en filtratom pirin\u010da fermentisanim laktobacilima i biolipidnim kompleksom, pru\u017ea ultra-umirujuc\u0301e dejstvo i ja\u010da ko\u017enu barijeru. Njegova inovativna, nemasna dvofazna formula se stapa sa ko\u017eom i pru\u017ea mekoc\u0301u i blistavost.","_et_gb_content_width":"","inline_featured_image":false},"product_brand":[],"product_cat":[170],"product_tag":[103],"class_list":{"0":"post-1223","1":"product","2":"type-product","3":"status-publish","4":"has-post-thumbnail","6":"product_cat-biom-sensitive","7":"product_tag-kucna-nega","9":"first","10":"instock","11":"taxable","12":"shipping-taxable","13":"product-type-simple"},"_links":{"self":[{"href":"https:\/\/d-cosmetics.com\/ericsonlaboratoire\/wp-json\/wp\/v2\/product\/1223","targetHints":{"allow":["GET"]}}],"collection":[{"href":"https:\/\/d-cosmetics.com\/ericsonlaboratoire\/wp-json\/wp\/v2\/product"}],"about":[{"href":"https:\/\/d-cosmetics.com\/ericsonlaboratoire\/wp-json\/wp\/v2\/types\/product"}],"replies":[{"embeddable":true,"href":"https:\/\/d-cosmetics.com\/ericsonlaboratoire\/wp-json\/wp\/v2\/comments?post=1223"}],"wp:featuredmedia":[{"embeddable":true,"href":"https:\/\/d-cosmetics.com\/ericsonlaboratoire\/wp-json\/wp\/v2\/media\/1224"}],"wp:attachment":[{"href":"https:\/\/d-cosmetics.com\/ericsonlaboratoire\/wp-json\/wp\/v2\/media?parent=1223"}],"wp:term":[{"taxonomy":"product_brand","embeddable":true,"href":"https:\/\/d-cosmetics.com\/ericsonlaboratoire\/wp-json\/wp\/v2\/product_brand?post=1223"},{"taxonomy":"product_cat","embeddable":true,"href":"https:\/\/d-cosmetics.com\/ericsonlaboratoire\/wp-json\/wp\/v2\/product_cat?post=1223"},{"taxonomy":"product_tag","embeddable":true,"href":"https:\/\/d-cosmetics.com\/ericsonlaboratoire\/wp-json\/wp\/v2\/product_tag?post=1223"}],"curies":[{"name":"wp","href":"https:\/\/api.w.org\/{rel}","templated":true}]}}