{"id":1230,"date":"2025-09-29T00:25:24","date_gmt":"2025-09-28T22:25:24","guid":{"rendered":"https:\/\/d-cosmetics.com\/ericsonlaboratoire\/?post_type=product&#038;p=1230"},"modified":"2025-09-29T00:33:52","modified_gmt":"2025-09-28T22:33:52","slug":"fluid-protiv-crvenila","status":"publish","type":"product","link":"https:\/\/d-cosmetics.com\/ericsonlaboratoire\/product\/fluid-protiv-crvenila\/","title":{"rendered":"FLUID PROTIV CRVENILA"},"content":{"rendered":"<p>[et_pb_section fb_built=&#8220;1&#8243; _builder_version=&#8220;4.27.4&#8243; _module_preset=&#8220;default&#8220; global_colors_info=&#8220;{}&#8220;][\/et_pb_section]<\/p>\n","protected":false},"excerpt":{"rendered":"<p>Fluid protiv crvenila za osetljivu ko\u017eu.<\/p>\n<p>DOKAZANA EFIKASNOST<\/p>\n<ul>\n<li>Manje vidljivo crvenilo 100%<\/li>\n<li>Umirena ko\u017ea 100%<\/li>\n<li>Efekat korekcije tena 95%<\/li>\n<li>Hidrirana ko\u017ea 90%<\/li>\n<li>Prijatna tekstura 100%<\/li>\n<\/ul>\n","protected":false},"featured_media":1231,"comment_status":"closed","ping_status":"closed","template":"","meta":{"_seopress_robots_primary_cat":"none","_seopress_titles_title":"","_seopress_titles_desc":"Dvofazni umiruju\u0107i serum, pru\u017ea ultra-umirujuc\u0301e dejstvo i ja\u010da ko\u017enu barijeru. Inovativna, nemasna dvofazna formula se stapa sa ko\u017eom i pru\u017ea mekoc\u0301u i blistavost.","_seopress_robots_index":"","_et_pb_use_builder":"on","_et_pb_old_content":"Ovaj fluid protiv crvenila, oboga\u0107en zelenim pigmentima za korekciju i ekstraktom ovsa bogatim umirujuc\u0301im flavonoidima, vidljivo smanjuje crvenilo vec\u0301 od prve primene. Ujedna\u010dava ten, o\u017eivljava pru\u017ea trenutni osec\u0301aj udobnosti. Njegova lagana i svilenkasta tekstura suptilno koriguje crvenilo, a istovremeno prosvetljuje ko\u017eu.","_et_gb_content_width":"","inline_featured_image":false},"product_brand":[],"product_cat":[170],"product_tag":[103],"class_list":{"0":"post-1230","1":"product","2":"type-product","3":"status-publish","4":"has-post-thumbnail","6":"product_cat-biom-sensitive","7":"product_tag-kucna-nega","9":"first","10":"instock","11":"taxable","12":"shipping-taxable","13":"product-type-simple"},"_links":{"self":[{"href":"https:\/\/d-cosmetics.com\/ericsonlaboratoire\/wp-json\/wp\/v2\/product\/1230","targetHints":{"allow":["GET"]}}],"collection":[{"href":"https:\/\/d-cosmetics.com\/ericsonlaboratoire\/wp-json\/wp\/v2\/product"}],"about":[{"href":"https:\/\/d-cosmetics.com\/ericsonlaboratoire\/wp-json\/wp\/v2\/types\/product"}],"replies":[{"embeddable":true,"href":"https:\/\/d-cosmetics.com\/ericsonlaboratoire\/wp-json\/wp\/v2\/comments?post=1230"}],"wp:featuredmedia":[{"embeddable":true,"href":"https:\/\/d-cosmetics.com\/ericsonlaboratoire\/wp-json\/wp\/v2\/media\/1231"}],"wp:attachment":[{"href":"https:\/\/d-cosmetics.com\/ericsonlaboratoire\/wp-json\/wp\/v2\/media?parent=1230"}],"wp:term":[{"taxonomy":"product_brand","embeddable":true,"href":"https:\/\/d-cosmetics.com\/ericsonlaboratoire\/wp-json\/wp\/v2\/product_brand?post=1230"},{"taxonomy":"product_cat","embeddable":true,"href":"https:\/\/d-cosmetics.com\/ericsonlaboratoire\/wp-json\/wp\/v2\/product_cat?post=1230"},{"taxonomy":"product_tag","embeddable":true,"href":"https:\/\/d-cosmetics.com\/ericsonlaboratoire\/wp-json\/wp\/v2\/product_tag?post=1230"}],"curies":[{"name":"wp","href":"https:\/\/api.w.org\/{rel}","templated":true}]}}