{"id":1260,"date":"2025-09-29T02:02:15","date_gmt":"2025-09-29T00:02:15","guid":{"rendered":"https:\/\/d-cosmetics.com\/ericsonlaboratoire\/?post_type=product&#038;p=1260"},"modified":"2025-09-29T10:37:06","modified_gmt":"2025-09-29T08:37:06","slug":"biom-box-4-tretmana","status":"publish","type":"product","link":"https:\/\/d-cosmetics.com\/ericsonlaboratoire\/product\/biom-box-4-tretmana\/","title":{"rendered":"BIOM+ BOX 4 TRETMANA"},"content":{"rendered":"<p>[et_pb_section fb_built=&#8220;1&#8243; _builder_version=&#8220;4.27.4&#8243; _module_preset=&#8220;default&#8220; global_colors_info=&#8220;{}&#8220;][\/et_pb_section]<\/p>\n","protected":false},"excerpt":{"rendered":"<p>PROFESIONALNI KIT ZA 4 TRETMANA. ZA PROFESIONALNU UPOTREBU.<\/p>\n","protected":false},"featured_media":1261,"comment_status":"closed","ping_status":"closed","template":"","meta":{"_seopress_robots_primary_cat":"none","_seopress_titles_title":"","_seopress_titles_desc":"","_seopress_robots_index":"","_et_pb_use_builder":"on","_et_pb_old_content":"BIOM+ SENSITIVE je nastao kao rezultat stru\u010dnosti na\u0161ih laboratorija, kao odgovor na potrebe osetljive i reaktivne ko\u017ee. Dizajniran da ciljano deluje na osnovne mehanizme preosetljivosti ko\u017ee. Ova linija deluje na tri komplementarna pravca: rebalansiranje mikrobiote, regulisanje aktivnosti senzornih receptora i obnavljanje lipidne barijere. Ko\u017ea tako vrac\u0301a svoje osnovne biolo\u0161ke funkcije, pobolj\u0161ava svoju toleranciju i ja\u010da svoju otpornost na du\u017ee staze.","_et_gb_content_width":"","inline_featured_image":false},"product_brand":[],"product_cat":[170],"product_tag":[102],"class_list":{"0":"post-1260","1":"product","2":"type-product","3":"status-publish","4":"has-post-thumbnail","6":"product_cat-biom-sensitive","7":"product_tag-profesionalni-proizvod","9":"first","10":"instock","11":"taxable","12":"shipping-taxable","13":"product-type-simple"},"_links":{"self":[{"href":"https:\/\/d-cosmetics.com\/ericsonlaboratoire\/wp-json\/wp\/v2\/product\/1260","targetHints":{"allow":["GET"]}}],"collection":[{"href":"https:\/\/d-cosmetics.com\/ericsonlaboratoire\/wp-json\/wp\/v2\/product"}],"about":[{"href":"https:\/\/d-cosmetics.com\/ericsonlaboratoire\/wp-json\/wp\/v2\/types\/product"}],"replies":[{"embeddable":true,"href":"https:\/\/d-cosmetics.com\/ericsonlaboratoire\/wp-json\/wp\/v2\/comments?post=1260"}],"wp:featuredmedia":[{"embeddable":true,"href":"https:\/\/d-cosmetics.com\/ericsonlaboratoire\/wp-json\/wp\/v2\/media\/1261"}],"wp:attachment":[{"href":"https:\/\/d-cosmetics.com\/ericsonlaboratoire\/wp-json\/wp\/v2\/media?parent=1260"}],"wp:term":[{"taxonomy":"product_brand","embeddable":true,"href":"https:\/\/d-cosmetics.com\/ericsonlaboratoire\/wp-json\/wp\/v2\/product_brand?post=1260"},{"taxonomy":"product_cat","embeddable":true,"href":"https:\/\/d-cosmetics.com\/ericsonlaboratoire\/wp-json\/wp\/v2\/product_cat?post=1260"},{"taxonomy":"product_tag","embeddable":true,"href":"https:\/\/d-cosmetics.com\/ericsonlaboratoire\/wp-json\/wp\/v2\/product_tag?post=1260"}],"curies":[{"name":"wp","href":"https:\/\/api.w.org\/{rel}","templated":true}]}}