{"id":1285,"date":"2025-09-29T10:30:52","date_gmt":"2025-09-29T08:30:52","guid":{"rendered":"https:\/\/d-cosmetics.com\/ericsonlaboratoire\/?post_type=product&#038;p=1285"},"modified":"2025-09-29T10:34:46","modified_gmt":"2025-09-29T08:34:46","slug":"prebiotska-penasta-maska-pro","status":"publish","type":"product","link":"https:\/\/d-cosmetics.com\/ericsonlaboratoire\/product\/prebiotska-penasta-maska-pro\/","title":{"rendered":"PREBIOTSKA PENASTA MASKA (PRO)"},"content":{"rendered":"<p>[et_pb_section fb_built=&#8220;1&#8243; _builder_version=&#8220;4.27.4&#8243; _module_preset=&#8220;default&#8220; global_colors_info=&#8220;{}&#8220;][\/et_pb_section]<\/p>\n","protected":false},"excerpt":{"rendered":"<p>Prebiotska muska maska u obliku praha, namenjena za osetljivu ko\u017eu i samo za profesionalnu upotrebu.<\/p>\n<p><a href=\"https:\/\/d-cosmetics.com\/ericsonlaboratoire\/product\/biom-box-4-tretmana\/\">U profesionalnom pakovanju za 4 tretmana E1173<\/a><\/p>\n","protected":false},"featured_media":1286,"comment_status":"closed","ping_status":"closed","template":"","meta":{"_seopress_robots_primary_cat":"none","_seopress_titles_title":"","_seopress_titles_desc":"Ova obnavljaju\u0107a maska, dubinski hidrira, umiruje i ja\u010da ko\u017enu barijeru, dok istovremeno rebalansira mikrobiotu.","_seopress_robots_index":"","_et_pb_use_builder":"on","_et_pb_old_content":"Prebiotska muska maska u obliku praha, namenjena za osetljivu ko\u017eu i samo za profesionalnu upotrebu. Bogata pre- i postbioticima, podr\u017eava biodiverzitet mikrobioma ko\u017ee, ja\u010da prirodnu odbrambenu barijeru i reguli\u0161e hidrataciju. Ko\u017ei vrac\u0301a ravnote\u017eu i pobolj\u0161anu sposobnost da se za\u0161titi od spolja\u0161njih agresora.","_et_gb_content_width":"","inline_featured_image":false},"product_brand":[],"product_cat":[170],"product_tag":[102],"class_list":{"0":"post-1285","1":"product","2":"type-product","3":"status-publish","4":"has-post-thumbnail","6":"product_cat-biom-sensitive","7":"product_tag-profesionalni-proizvod","9":"first","10":"instock","11":"taxable","12":"shipping-taxable","13":"product-type-simple"},"_links":{"self":[{"href":"https:\/\/d-cosmetics.com\/ericsonlaboratoire\/wp-json\/wp\/v2\/product\/1285","targetHints":{"allow":["GET"]}}],"collection":[{"href":"https:\/\/d-cosmetics.com\/ericsonlaboratoire\/wp-json\/wp\/v2\/product"}],"about":[{"href":"https:\/\/d-cosmetics.com\/ericsonlaboratoire\/wp-json\/wp\/v2\/types\/product"}],"replies":[{"embeddable":true,"href":"https:\/\/d-cosmetics.com\/ericsonlaboratoire\/wp-json\/wp\/v2\/comments?post=1285"}],"wp:featuredmedia":[{"embeddable":true,"href":"https:\/\/d-cosmetics.com\/ericsonlaboratoire\/wp-json\/wp\/v2\/media\/1286"}],"wp:attachment":[{"href":"https:\/\/d-cosmetics.com\/ericsonlaboratoire\/wp-json\/wp\/v2\/media?parent=1285"}],"wp:term":[{"taxonomy":"product_brand","embeddable":true,"href":"https:\/\/d-cosmetics.com\/ericsonlaboratoire\/wp-json\/wp\/v2\/product_brand?post=1285"},{"taxonomy":"product_cat","embeddable":true,"href":"https:\/\/d-cosmetics.com\/ericsonlaboratoire\/wp-json\/wp\/v2\/product_cat?post=1285"},{"taxonomy":"product_tag","embeddable":true,"href":"https:\/\/d-cosmetics.com\/ericsonlaboratoire\/wp-json\/wp\/v2\/product_tag?post=1285"}],"curies":[{"name":"wp","href":"https:\/\/api.w.org\/{rel}","templated":true}]}}