{"id":1287,"date":"2025-09-29T10:38:40","date_gmt":"2025-09-29T08:38:40","guid":{"rendered":"https:\/\/d-cosmetics.com\/ericsonlaboratoire\/?post_type=product&#038;p=1287"},"modified":"2025-09-29T10:43:03","modified_gmt":"2025-09-29T08:43:03","slug":"sensi-quartz-masazeri-pro","status":"publish","type":"product","link":"https:\/\/d-cosmetics.com\/ericsonlaboratoire\/product\/sensi-quartz-masazeri-pro\/","title":{"rendered":"SENSI-QUARTZ MASA\u017dERI (PRO)"},"content":{"rendered":"<p>[et_pb_section fb_built=&#8220;1&#8243; _builder_version=&#8220;4.27.4&#8243; _module_preset=&#8220;default&#8220; global_colors_info=&#8220;{}&#8220;][\/et_pb_section]<\/p>\n","protected":false},"excerpt":{"rendered":"<p>Prebiotska muska maska u obliku praha, namenjena za osetljivu ko\u017eu i samo za profesionalnu upotrebu.<\/p>\n<p><a href=\"https:\/\/d-cosmetics.com\/ericsonlaboratoire\/product\/biom-box-4-tretmana\/\">U profesionalnom pakovanju za 4 tretmana E1173<\/a><\/p>\n","protected":false},"featured_media":1288,"comment_status":"closed","ping_status":"closed","template":"","meta":{"_seopress_robots_primary_cat":"none","_seopress_titles_title":"","_seopress_titles_desc":"Ova obnavljaju\u0107a maska, dubinski hidrira, umiruje i ja\u010da ko\u017enu barijeru, dok istovremeno rebalansira mikrobiotu.","_seopress_robots_index":"","_et_pb_use_builder":"on","_et_pb_old_content":"Protokol BIOM+ SENSITIVE zasnovan je na upotrebi SENSI-QUARTZ masa\u017eera, inspirisanih kineskom tradicijom Gua \u0160a. Ova drevna tehnika se sastoji od ne\u017enog klizanja po ko\u017ei kako bi se stimulisala cirkulacija i i podstaklo eliminisanje toksina.\r\n\r\nErgonomski dizajn, 2 strane prilago\u0111ene razli\u010ditim podru\u010djima:\r\n- \u0160iroki vrh idealan za velike povr\u0161ine,\r\n- Uski vrh, savr\u0161en za konture i osetljiva podru\u010dja.\r\nMaterijal: Prirodni roze kvarc poznat po svojim umirujuc\u0301im svojstvima. Ru\u010dka prilago\u0111ena pokretima za prirodnu i harmoni\u010dnu masa\u017eu.\r\n<ul>\r\n \t<li>Smiruje iritaciju, smanjuje crvenilo i umiruje osetljivu ko\u017eu.<\/li>\r\n \t<li>Uklanja toksine i pobolj\u0161ava oksigenaciju ko\u017ee.<\/li>\r\n \t<li>Dekongestira tkiva.<\/li>\r\n \t<li>Stimuli\u0161e mikrocirkulaciju, podsti\u010duc\u0301i regeneraciju tkiva.<\/li>\r\n \t<li>Pobolj\u0161ava apsorpciju aktivnih sastojaka tretmana.<\/li>\r\n \t<li>Ovi masa\u017eeri pru\u017eaju umirujuc\u0301u i opu\u0161tajuc\u0301u masa\u017eu.<\/li>\r\n<\/ul>","_et_gb_content_width":"","inline_featured_image":false},"product_brand":[],"product_cat":[170],"product_tag":[102],"class_list":{"0":"post-1287","1":"product","2":"type-product","3":"status-publish","4":"has-post-thumbnail","6":"product_cat-biom-sensitive","7":"product_tag-profesionalni-proizvod","9":"first","10":"instock","11":"taxable","12":"shipping-taxable","13":"product-type-simple"},"_links":{"self":[{"href":"https:\/\/d-cosmetics.com\/ericsonlaboratoire\/wp-json\/wp\/v2\/product\/1287","targetHints":{"allow":["GET"]}}],"collection":[{"href":"https:\/\/d-cosmetics.com\/ericsonlaboratoire\/wp-json\/wp\/v2\/product"}],"about":[{"href":"https:\/\/d-cosmetics.com\/ericsonlaboratoire\/wp-json\/wp\/v2\/types\/product"}],"replies":[{"embeddable":true,"href":"https:\/\/d-cosmetics.com\/ericsonlaboratoire\/wp-json\/wp\/v2\/comments?post=1287"}],"wp:featuredmedia":[{"embeddable":true,"href":"https:\/\/d-cosmetics.com\/ericsonlaboratoire\/wp-json\/wp\/v2\/media\/1288"}],"wp:attachment":[{"href":"https:\/\/d-cosmetics.com\/ericsonlaboratoire\/wp-json\/wp\/v2\/media?parent=1287"}],"wp:term":[{"taxonomy":"product_brand","embeddable":true,"href":"https:\/\/d-cosmetics.com\/ericsonlaboratoire\/wp-json\/wp\/v2\/product_brand?post=1287"},{"taxonomy":"product_cat","embeddable":true,"href":"https:\/\/d-cosmetics.com\/ericsonlaboratoire\/wp-json\/wp\/v2\/product_cat?post=1287"},{"taxonomy":"product_tag","embeddable":true,"href":"https:\/\/d-cosmetics.com\/ericsonlaboratoire\/wp-json\/wp\/v2\/product_tag?post=1287"}],"curies":[{"name":"wp","href":"https:\/\/api.w.org\/{rel}","templated":true}]}}