{"id":223184,"date":"2023-07-25T02:34:04","date_gmt":"2023-07-25T00:34:04","guid":{"rendered":"https:\/\/shop.d-cosmetics.com\/?post_type=product&#038;p=223184"},"modified":"2024-10-20T07:11:01","modified_gmt":"2024-10-20T07:11:01","slug":"vitamin-b-kompleks-serum-20ml","status":"publish","type":"product","link":"https:\/\/d-cosmetics.com\/juliettearmand\/product\/vitamin-b-kompleks-serum-20ml\/","title":{"rendered":"Vitamin B kompleks serum"},"content":{"rendered":"<p>[et_pb_section fb_built=&#8220;1&#8243; _builder_version=&#8220;4.16&#8243; custom_padding=&#8220;0px||||false|false&#8220; global_colors_info=&#8220;{}&#8220;][et_pb_row _builder_version=&#8220;4.16&#8243; background_size=&#8220;initial&#8220; background_position=&#8220;top_left&#8220; background_repeat=&#8220;repeat&#8220; width=&#8220;100%&#8220; custom_padding=&#8220;0px||0px||false|false&#8220; global_colors_info=&#8220;{}&#8220;][et_pb_column type=&#8220;4_4&#8243; _builder_version=&#8220;4.16&#8243; custom_padding=&#8220;|||&#8220; global_colors_info=&#8220;{}&#8220; custom_padding__hover=&#8220;|||&#8220;][et_pb_wc_breadcrumb _builder_version=&#8220;4.16&#8243; global_colors_info=&#8220;{}&#8220;][\/et_pb_wc_breadcrumb][et_pb_wc_cart_notice _builder_version=&#8220;4.16&#8243; global_colors_info=&#8220;{}&#8220;][\/et_pb_wc_cart_notice][\/et_pb_column][\/et_pb_row][et_pb_row column_structure=&#8220;1_2,1_2&#8243; _builder_version=&#8220;4.16&#8243; background_size=&#8220;initial&#8220; background_position=&#8220;top_left&#8220; background_repeat=&#8220;repeat&#8220; width=&#8220;100%&#8220; custom_padding=&#8220;0px||||false|false&#8220; global_colors_info=&#8220;{}&#8220;][et_pb_column type=&#8220;1_2&#8243; _builder_version=&#8220;4.16&#8243; custom_padding=&#8220;|||&#8220; global_colors_info=&#8220;{}&#8220; custom_padding__hover=&#8220;|||&#8220;][et_pb_wc_images _builder_version=&#8220;4.16&#8243; global_colors_info=&#8220;{}&#8220;][\/et_pb_wc_images][\/et_pb_column][et_pb_column type=&#8220;1_2&#8243; _builder_version=&#8220;4.16&#8243; custom_padding=&#8220;|||&#8220; global_colors_info=&#8220;{}&#8220; custom_padding__hover=&#8220;|||&#8220;][et_pb_wc_title _builder_version=&#8220;4.16&#8243; global_colors_info=&#8220;{}&#8220;][\/et_pb_wc_title][et_pb_wc_rating _builder_version=&#8220;4.16&#8243; global_colors_info=&#8220;{}&#8220;][\/et_pb_wc_rating][et_pb_wc_price _builder_version=&#8220;4.16&#8243; global_colors_info=&#8220;{}&#8220;][\/et_pb_wc_price][et_pb_wc_description _builder_version=&#8220;4.16&#8243; global_colors_info=&#8220;{}&#8220;][\/et_pb_wc_description][et_pb_wc_add_to_cart _builder_version=&#8220;4.16&#8243; global_colors_info=&#8220;{}&#8220;][\/et_pb_wc_add_to_cart][et_pb_wc_meta _builder_version=&#8220;4.16&#8243; global_colors_info=&#8220;{}&#8220;][\/et_pb_wc_meta][\/et_pb_column][\/et_pb_row][et_pb_row _builder_version=&#8220;4.16&#8243; background_size=&#8220;initial&#8220; background_position=&#8220;top_left&#8220; background_repeat=&#8220;repeat&#8220; width=&#8220;100%&#8220; hover_enabled=&#8220;0&#8243; global_colors_info=&#8220;{}&#8220; sticky_enabled=&#8220;0&#8243;][et_pb_column type=&#8220;4_4&#8243; _builder_version=&#8220;4.16&#8243; custom_padding=&#8220;|||&#8220; global_colors_info=&#8220;{}&#8220; custom_padding__hover=&#8220;|||&#8220;][et_pb_wc_tabs include_tabs_last_edited=&#8220;off|phone&#8220; _builder_version=&#8220;4.21.0&#8243; global_colors_info=&#8220;{}&#8220; include_tabs__hover_enabled=&#8220;off|desktop&#8220;] [\/et_pb_wc_tabs][et_pb_wc_upsells _builder_version=&#8220;4.16&#8243; global_colors_info=&#8220;{}&#8220;][\/et_pb_wc_upsells][et_pb_wc_related_products _builder_version=&#8220;4.16&#8243; global_colors_info=&#8220;{}&#8220;][\/et_pb_wc_related_products][\/et_pb_column][\/et_pb_row][\/et_pb_section]<\/p>\n","protected":false},"excerpt":{"rendered":"<p><strong>Umirujuc\u0301i, hidratantni serum za sve tipove ko\u017ee.<\/strong><\/p>\n","protected":false},"featured_media":223185,"comment_status":"open","ping_status":"closed","template":"","meta":{"_seopress_robots_primary_cat":"","_seopress_titles_title":"","_seopress_titles_desc":"","_seopress_robots_index":"","_et_pb_use_builder":"on","_et_pb_old_content":"Vla\u017ei i umiruje ko\u017eu od iritacija i upala. Preporu\u010duje se za osetljivu i iritiranu ko\u017eu. Vla\u017ei i osloba\u0111a ko\u017eu od iritacija i upala. Serum sa visoko koncentrovanim ekstraktom zelene aloje sa umirujuc\u0301im i hidratantnim dejstvom. Aloja je odli\u010dan prirodni koktel koji sadr\u017ei vitamine C i E, enzime, aminokiseline i preko 200 drugih korisnih supstanci. Vla\u017ei i poma\u017ee u smanjenju iritacija i upala ko\u017ee. U\u010destvuje u rekonstrukciji c\u0301elija ko\u017ee i u procesu zarastanja ko\u017enih povreda. Preporu\u010duje se za osetljivu i iritiranu ko\u017eu.","_et_gb_content_width":"","inline_featured_image":false,"footnotes":""},"product_brand":[],"product_cat":[139,19,46],"product_tag":[129],"class_list":{"0":"post-223184","1":"product","2":"type-product","3":"status-publish","4":"has-post-thumbnail","6":"product_cat-se","7":"product_cat-elements","8":"product_cat-serumi","9":"product_tag-kucna-nega","10":"pa_indikacije-akne","11":"pa_indikacije-bore","12":"pa_indikacije-hidratacija","13":"pa_indikacije-masna-koza","14":"pa_indikacije-obnavljanje","15":"pa_indikacije-osetljiva-koza","16":"pa_indikacije-umirujuce-dejstvo","17":"pa_namena-lice","18":"pa_poreklo-gr","19":"pa_tip-koze-kombinovana","20":"pa_tip-koze-masna","21":"pa_tip-koze-normalna","22":"pa_tip-koze-suva","23":"pa_vrsta-proizvoda-serumi","25":"first","26":"instock","27":"taxable","28":"shipping-taxable","29":"product-type-simple"},"_links":{"self":[{"href":"https:\/\/d-cosmetics.com\/juliettearmand\/wp-json\/wp\/v2\/product\/223184","targetHints":{"allow":["GET"]}}],"collection":[{"href":"https:\/\/d-cosmetics.com\/juliettearmand\/wp-json\/wp\/v2\/product"}],"about":[{"href":"https:\/\/d-cosmetics.com\/juliettearmand\/wp-json\/wp\/v2\/types\/product"}],"replies":[{"embeddable":true,"href":"https:\/\/d-cosmetics.com\/juliettearmand\/wp-json\/wp\/v2\/comments?post=223184"}],"version-history":[{"count":0,"href":"https:\/\/d-cosmetics.com\/juliettearmand\/wp-json\/wp\/v2\/product\/223184\/revisions"}],"wp:featuredmedia":[{"embeddable":true,"href":"https:\/\/d-cosmetics.com\/juliettearmand\/wp-json\/wp\/v2\/media\/223185"}],"wp:attachment":[{"href":"https:\/\/d-cosmetics.com\/juliettearmand\/wp-json\/wp\/v2\/media?parent=223184"}],"wp:term":[{"taxonomy":"product_brand","embeddable":true,"href":"https:\/\/d-cosmetics.com\/juliettearmand\/wp-json\/wp\/v2\/product_brand?post=223184"},{"taxonomy":"product_cat","embeddable":true,"href":"https:\/\/d-cosmetics.com\/juliettearmand\/wp-json\/wp\/v2\/product_cat?post=223184"},{"taxonomy":"product_tag","embeddable":true,"href":"https:\/\/d-cosmetics.com\/juliettearmand\/wp-json\/wp\/v2\/product_tag?post=223184"}],"curies":[{"name":"wp","href":"https:\/\/api.w.org\/{rel}","templated":true}]}}