{"id":223537,"date":"2023-08-28T00:40:35","date_gmt":"2023-08-27T22:40:35","guid":{"rendered":"https:\/\/shop.d-cosmetics.com\/?post_type=product&#038;p=223537"},"modified":"2024-10-18T23:00:30","modified_gmt":"2024-10-18T23:00:30","slug":"eye-shine-serum-20ml","status":"publish","type":"product","link":"https:\/\/d-cosmetics.com\/juliettearmand\/product\/eye-shine-serum-20ml\/","title":{"rendered":"Eye shine serum"},"content":{"rendered":"<p>[et_pb_section fb_built=&#8220;1&#8243; _builder_version=&#8220;4.16&#8243; custom_padding=&#8220;0px||||false|false&#8220; global_colors_info=&#8220;{}&#8220;][et_pb_row _builder_version=&#8220;4.16&#8243; background_size=&#8220;initial&#8220; background_position=&#8220;top_left&#8220; background_repeat=&#8220;repeat&#8220; width=&#8220;100%&#8220; custom_padding=&#8220;0px||0px||false|false&#8220; global_colors_info=&#8220;{}&#8220;][et_pb_column type=&#8220;4_4&#8243; _builder_version=&#8220;4.16&#8243; custom_padding=&#8220;|||&#8220; global_colors_info=&#8220;{}&#8220; custom_padding__hover=&#8220;|||&#8220;][et_pb_wc_breadcrumb _builder_version=&#8220;4.16&#8243; global_colors_info=&#8220;{}&#8220;][\/et_pb_wc_breadcrumb][et_pb_wc_cart_notice _builder_version=&#8220;4.16&#8243; global_colors_info=&#8220;{}&#8220;][\/et_pb_wc_cart_notice][\/et_pb_column][\/et_pb_row][et_pb_row column_structure=&#8220;1_2,1_2&#8243; _builder_version=&#8220;4.16&#8243; background_size=&#8220;initial&#8220; background_position=&#8220;top_left&#8220; background_repeat=&#8220;repeat&#8220; width=&#8220;100%&#8220; custom_padding=&#8220;0px||||false|false&#8220; global_colors_info=&#8220;{}&#8220;][et_pb_column type=&#8220;1_2&#8243; _builder_version=&#8220;4.16&#8243; custom_padding=&#8220;|||&#8220; global_colors_info=&#8220;{}&#8220; custom_padding__hover=&#8220;|||&#8220;][et_pb_wc_images _builder_version=&#8220;4.16&#8243; global_colors_info=&#8220;{}&#8220;][\/et_pb_wc_images][\/et_pb_column][et_pb_column type=&#8220;1_2&#8243; _builder_version=&#8220;4.16&#8243; custom_padding=&#8220;|||&#8220; global_colors_info=&#8220;{}&#8220; custom_padding__hover=&#8220;|||&#8220;][et_pb_wc_title _builder_version=&#8220;4.16&#8243; global_colors_info=&#8220;{}&#8220;][\/et_pb_wc_title][et_pb_wc_rating _builder_version=&#8220;4.16&#8243; global_colors_info=&#8220;{}&#8220;][\/et_pb_wc_rating][et_pb_wc_price _builder_version=&#8220;4.16&#8243; global_colors_info=&#8220;{}&#8220;][\/et_pb_wc_price][et_pb_wc_description _builder_version=&#8220;4.16&#8243; global_colors_info=&#8220;{}&#8220;][\/et_pb_wc_description][et_pb_wc_add_to_cart _builder_version=&#8220;4.16&#8243; global_colors_info=&#8220;{}&#8220;][\/et_pb_wc_add_to_cart][et_pb_wc_meta _builder_version=&#8220;4.16&#8243; global_colors_info=&#8220;{}&#8220;][\/et_pb_wc_meta][\/et_pb_column][\/et_pb_row][et_pb_row _builder_version=&#8220;4.16&#8243; background_size=&#8220;initial&#8220; background_position=&#8220;top_left&#8220; background_repeat=&#8220;repeat&#8220; width=&#8220;100%&#8220; global_colors_info=&#8220;{}&#8220;][et_pb_column type=&#8220;4_4&#8243; _builder_version=&#8220;4.16&#8243; custom_padding=&#8220;|||&#8220; global_colors_info=&#8220;{}&#8220; custom_padding__hover=&#8220;|||&#8220;][et_pb_wc_tabs include_tabs_last_edited=&#8220;off|phone&#8220; _builder_version=&#8220;4.21.0&#8243; global_colors_info=&#8220;{}&#8220; include_tabs__hover_enabled=&#8220;off|desktop&#8220;] [\/et_pb_wc_tabs][et_pb_wc_upsells _builder_version=&#8220;4.16&#8243; global_colors_info=&#8220;{}&#8220;][\/et_pb_wc_upsells][et_pb_wc_related_products _builder_version=&#8220;4.16&#8243; global_colors_info=&#8220;{}&#8220;][\/et_pb_wc_related_products][\/et_pb_column][\/et_pb_row][\/et_pb_section]<\/p>\n","protected":false},"excerpt":{"rendered":"<p><strong>Multi-akcioni serum namenjen posebno za podru\u010dje oko o\u010diju.<\/strong><\/p>\n<p>Vla\u017ei i pobolj\u0161ava izgled ko\u017ee smanjujuc\u0301i tamne krugove i nate\u010dene o\u010di. Smanjuje pojavu finih linija i bora, ostavljajuc\u0301i ko\u017eu oko o\u010diju \u010dvrstom i zdravog sjaja.<\/p>\n","protected":false},"featured_media":223538,"comment_status":"open","ping_status":"closed","template":"","meta":{"_seopress_robots_primary_cat":"","_seopress_titles_title":"","_seopress_titles_desc":"","_seopress_robots_index":"","_et_pb_use_builder":"on","_et_pb_old_content":"Vla\u017ei i pobolj\u0161ava izgled ko\u017ee smanjujuc\u0301i tamne krugove i nate\u010dene o\u010di. Smanjuje pojavu finih linija i bora, ostavljajuc\u0301i ko\u017eu oko o\u010diju \u010dvrstom i zdravog sjaja. Serum koji sadr\u017ei matriksil peptid koji aktivira proizvodnju kolagena i hijaluronske kiseline, koji zagla\u0111uje ekspresijske linije i bore. Eiedeline, biotehnolo\u0161ki sastojak morskog porekla, regeneri\u0161e i dekongestiva ko\u017eu, smanjujuc\u0301i nate\u010denost, tamne krugove i bore oko podru\u010dja oko o\u010diju. Delovanje seruma je poja\u010dano specijalizovanim sna\u017enim antioksidativnim sastojkom Venecuane koji inhibira delovanje slobodnih radikala i \u0161titi ko\u017eu od o\u0161tec\u0301enja UVA zraka.","_et_gb_content_width":"","inline_featured_image":false,"footnotes":""},"product_brand":[],"product_cat":[136,19,62,46],"product_tag":[129],"class_list":{"0":"post-223537","1":"product","2":"type-product","3":"status-publish","4":"has-post-thumbnail","6":"product_cat-ec","7":"product_cat-elements","8":"product_cat-oci-i-usne","9":"product_cat-serumi","10":"product_tag-kucna-nega","11":"pa_indikacije-anti-polution-antioksidansi","12":"pa_indikacije-bore","13":"pa_indikacije-fine-linije","14":"pa_indikacije-hidratacija","15":"pa_indikacije-lifting","16":"pa_indikacije-nega-ociju","17":"pa_indikacije-sjaj","18":"pa_indikacije-zastita","19":"pa_namena-lice","20":"pa_poreklo-gr","21":"pa_tip-koze-kombinovana","22":"pa_tip-koze-masna","23":"pa_tip-koze-normalna","24":"pa_tip-koze-suva","25":"pa_vrsta-proizvoda-oci-i-usne","26":"pa_vrsta-proizvoda-serumi","28":"first","29":"instock","30":"taxable","31":"shipping-taxable","32":"product-type-simple"},"_links":{"self":[{"href":"https:\/\/d-cosmetics.com\/juliettearmand\/wp-json\/wp\/v2\/product\/223537","targetHints":{"allow":["GET"]}}],"collection":[{"href":"https:\/\/d-cosmetics.com\/juliettearmand\/wp-json\/wp\/v2\/product"}],"about":[{"href":"https:\/\/d-cosmetics.com\/juliettearmand\/wp-json\/wp\/v2\/types\/product"}],"replies":[{"embeddable":true,"href":"https:\/\/d-cosmetics.com\/juliettearmand\/wp-json\/wp\/v2\/comments?post=223537"}],"version-history":[{"count":0,"href":"https:\/\/d-cosmetics.com\/juliettearmand\/wp-json\/wp\/v2\/product\/223537\/revisions"}],"wp:featuredmedia":[{"embeddable":true,"href":"https:\/\/d-cosmetics.com\/juliettearmand\/wp-json\/wp\/v2\/media\/223538"}],"wp:attachment":[{"href":"https:\/\/d-cosmetics.com\/juliettearmand\/wp-json\/wp\/v2\/media?parent=223537"}],"wp:term":[{"taxonomy":"product_brand","embeddable":true,"href":"https:\/\/d-cosmetics.com\/juliettearmand\/wp-json\/wp\/v2\/product_brand?post=223537"},{"taxonomy":"product_cat","embeddable":true,"href":"https:\/\/d-cosmetics.com\/juliettearmand\/wp-json\/wp\/v2\/product_cat?post=223537"},{"taxonomy":"product_tag","embeddable":true,"href":"https:\/\/d-cosmetics.com\/juliettearmand\/wp-json\/wp\/v2\/product_tag?post=223537"}],"curies":[{"name":"wp","href":"https:\/\/api.w.org\/{rel}","templated":true}]}}